{"id":4523,"date":"2025-12-06T15:08:13","date_gmt":"2025-12-06T15:08:13","guid":{"rendered":"https:\/\/petrolera.umsa.edu.bo\/?page_id=4523"},"modified":"2026-02-28T17:53:15","modified_gmt":"2026-02-28T21:53:15","slug":"admisiones","status":"publish","type":"page","link":"https:\/\/petrolera.umsa.edu.bo\/index.php\/admisiones\/","title":{"rendered":"Admisiones"},"content":{"rendered":"\t\t<div data-elementor-type=\"wp-page\" data-elementor-id=\"4523\" class=\"elementor elementor-4523\" data-elementor-post-type=\"page\">\n\t\t\t\t<div class=\"elementor-element elementor-element-b00d6ca e-flex e-con-boxed e-con e-parent\" data-id=\"b00d6ca\" data-element_type=\"container\" data-e-type=\"container\" data-settings=\"{&quot;background_background&quot;:&quot;classic&quot;}\">\n\t\t\t\t\t<div class=\"e-con-inner\">\n\t\t\t\t<div class=\"elementor-element elementor-element-75eeb84 elementor-invisible elementor-widget elementor-widget-heading\" data-id=\"75eeb84\" data-element_type=\"widget\" data-e-type=\"widget\" data-settings=\"{&quot;_animation&quot;:&quot;bounceInUp&quot;}\" data-widget_type=\"heading.default\">\n\t\t\t\t<div class=\"elementor-widget-container\">\n\t\t\t\t\t<h2 class=\"elementor-heading-title elementor-size-default\">ADMISIONES<\/h2>\t\t\t\t<\/div>\n\t\t\t\t<\/div>\n\t\t\t\t\t<\/div>\n\t\t\t\t<\/div>\n\t\t<div class=\"elementor-element elementor-element-747496e e-flex e-con-boxed e-con e-parent\" data-id=\"747496e\" data-element_type=\"container\" data-e-type=\"container\">\n\t\t\t\t\t<div class=\"e-con-inner\">\n\t\t\t\t\t<\/div>\n\t\t\t\t<\/div>\n\t\t<div class=\"elementor-element elementor-element-4f04559 e-flex e-con-boxed e-con e-parent\" data-id=\"4f04559\" data-element_type=\"container\" data-e-type=\"container\">\n\t\t\t\t\t<div class=\"e-con-inner\">\n\t\t<div class=\"elementor-element elementor-element-85837f8 e-con-full e-flex e-con e-child\" data-id=\"85837f8\" data-element_type=\"container\" data-e-type=\"container\">\n\t\t\t\t<div class=\"elementor-element elementor-element-16570cd elementor-widget__width-initial elementor-flip-box--effect-flip elementor-flip-box--direction-up elementor-widget elementor-widget-flip-box\" data-id=\"16570cd\" data-element_type=\"widget\" data-e-type=\"widget\" data-widget_type=\"flip-box.default\">\n\t\t\t\t<div class=\"elementor-widget-container\">\n\t\t\t\t\t\t\t<div class=\"elementor-flip-box\" tabindex=\"0\">\n\t\t\t<div class=\"elementor-flip-box__layer elementor-flip-box__front\">\n\t\t\t\t<div class=\"elementor-flip-box__layer__overlay\">\n\t\t\t\t\t<div class=\"elementor-flip-box__layer__inner\">\n\t\t\t\t\t\t\t\t\t\t\t\t\t<div class=\"elementor-flip-box__image\">\n\t\t\t\t\t\t\t\t<img fetchpriority=\"high\" decoding=\"async\" width=\"499\" height=\"499\" src=\"https:\/\/petrolera.umsa.edu.bo\/wp-content\/uploads\/2025\/07\/logo-prefa.png\" class=\"attachment-1536x1536 size-1536x1536 wp-image-202\" alt=\"\" srcset=\"https:\/\/petrolera.umsa.edu.bo\/wp-content\/uploads\/2025\/07\/logo-prefa.png 499w, https:\/\/petrolera.umsa.edu.bo\/wp-content\/uploads\/2025\/07\/logo-prefa-300x300.png 300w, https:\/\/petrolera.umsa.edu.bo\/wp-content\/uploads\/2025\/07\/logo-prefa-150x150.png 150w, https:\/\/petrolera.umsa.edu.bo\/wp-content\/uploads\/2025\/07\/elementor\/thumbs\/logo-prefa-r93unuyhwh967emujcjdyvebcsgdwad0q2b2bq3zaw.png 12w, https:\/\/petrolera.umsa.edu.bo\/wp-content\/uploads\/2025\/07\/elementor\/thumbs\/logo-prefa-r93unuyhrnl5xfc4y9n5qi4hua6wn70ah603g65op6.png 1w, https:\/\/petrolera.umsa.edu.bo\/wp-content\/uploads\/2025\/07\/elementor\/thumbs\/logo-prefa-r93unuyiz2l8f90j7zp7ttkvguk7x16up8qtc5qc4o.png 100w\" sizes=\"(max-width: 499px) 100vw, 499px\" \/>\t\t\t\t\t\t\t<\/div>\n\t\t\t\t\t\t\n\t\t\t\t\t\t\t\t\t\t\t\t\t<h3 class=\"elementor-flip-box__layer__title\">\n\t\t\t\t\t\t\t\tAdmisiones Estudiantes Nuevos\t\t\t\t\t\t\t<\/h3>\n\t\t\t\t\t\t\n\t\t\t\t\t\t\t\t\t\t\t\t\t<div class=\"elementor-flip-box__layer__description\">\n\t\t\t\t\t\t\t\tAccede a informaci\u00f3n oficial sobre requisitos, fechas de inscripci\u00f3n, cronograma de ex\u00e1menes y documentaci\u00f3n necesaria.\t\t\t\t\t\t\t<\/div>\n\t\t\t\t\t\t\t\t\t\t\t<\/div>\n\t\t\t\t<\/div>\n\t\t\t<\/div>\n\t\t\t<div class=\"elementor-flip-box__layer elementor-flip-box__back\">\n\t\t\t<div class=\"elementor-flip-box__layer__overlay\">\n\t\t\t\t<div class=\"elementor-flip-box__layer__inner\">\n\t\t\t\t\t\t\t\t\t\t\t<h3 class=\"elementor-flip-box__layer__title\">\n\t\t\t\t\t\t\tEstudiantes Nuevos\t\t\t\t\t\t<\/h3>\n\t\t\t\t\t\n\t\t\t\t\t\t\t\t\t\t\t<div class=\"elementor-flip-box__layer__description\">\n\t\t\t\t\t\t\tPrueba de Suficiencia Academica, Curso Preuniversitario\t\t\t\t\t\t<\/div>\n\t\t\t\t\t\n\t\t\t\t\t\t\t\t\t\t\t<a class=\"elementor-flip-box__button elementor-button elementor-size-sm\" href=\"https:\/\/petrolera.umsa.edu.bo\/index.php\/estudiantes-nuevos\/\" target=\"_blank\">\n\t\t\t\t\t\t\tHaz clic aqu\u00ed\t\t\t\t\t\t<\/a>\n\t\t\t\t\t\t\t\t<\/div>\n\t\t<\/div>\n\t\t<\/div>\n\t\t<\/div>\n\t\t\t\t\t\t<\/div>\n\t\t\t\t<\/div>\n\t\t\t\t<\/div>\n\t\t<div class=\"elementor-element elementor-element-11d3162 e-con-full e-flex elementor-invisible e-con e-child\" data-id=\"11d3162\" data-element_type=\"container\" data-e-type=\"container\" data-settings=\"{&quot;animation&quot;:&quot;fadeInRight&quot;}\">\n\t\t\t\t<div class=\"elementor-element elementor-element-59ca8f0 elementor-widget elementor-widget-heading\" data-id=\"59ca8f0\" data-element_type=\"widget\" data-e-type=\"widget\" data-widget_type=\"heading.default\">\n\t\t\t\t<div class=\"elementor-widget-container\">\n\t\t\t\t\t<h2 class=\"elementor-heading-title elementor-size-default\">Tu futuro en la industria energ\u00e9tica comienza aqu\u00ed<\/h2>\t\t\t\t<\/div>\n\t\t\t\t<\/div>\n\t\t\t\t<div class=\"elementor-element elementor-element-6ddfd7d elementor-invisible elementor-widget elementor-widget-text-editor\" data-id=\"6ddfd7d\" data-element_type=\"widget\" data-e-type=\"widget\" data-settings=\"{&quot;_animation&quot;:&quot;fadeInRight&quot;}\" data-widget_type=\"text-editor.default\">\n\t\t\t\t<div class=\"elementor-widget-container\">\n\t\t\t\t\t\t\t\t\t<p>La carrera de <strong>Ingenier\u00eda Petrolera<\/strong> en la <strong>Universidad Mayor de San Andr\u00e9s<\/strong> te espera.<\/p><p>F\u00f3rmate en una de las universidades m\u00e1s importantes del pa\u00eds y convi\u00e9rtete en el ingeniero que Bolivia necesita. \u00a1Revisa los requisitos y da el primer paso!<\/p>\t\t\t\t\t\t\t\t<\/div>\n\t\t\t\t<\/div>\n\t\t\t\t<\/div>\n\t\t\t\t\t<\/div>\n\t\t\t\t<\/div>\n\t\t<div class=\"elementor-element elementor-element-a038c67 e-flex e-con-boxed e-con e-parent\" data-id=\"a038c67\" data-element_type=\"container\" data-e-type=\"container\">\n\t\t\t\t\t<div class=\"e-con-inner\">\n\t\t\t\t<div class=\"elementor-element elementor-element-4472dc5 elementor-widget-divider--view-line elementor-widget elementor-widget-divider\" data-id=\"4472dc5\" data-element_type=\"widget\" data-e-type=\"widget\" data-widget_type=\"divider.default\">\n\t\t\t\t<div class=\"elementor-widget-container\">\n\t\t\t\t\t\t\t<div class=\"elementor-divider\">\n\t\t\t<span class=\"elementor-divider-separator\">\n\t\t\t\t\t\t<\/span>\n\t\t<\/div>\n\t\t\t\t\t\t<\/div>\n\t\t\t\t<\/div>\n\t\t\t\t\t<\/div>\n\t\t\t\t<\/div>\n\t\t<div class=\"elementor-element elementor-element-434cead e-flex e-con-boxed e-con e-parent\" data-id=\"434cead\" data-element_type=\"container\" data-e-type=\"container\">\n\t\t\t\t\t<div class=\"e-con-inner\">\n\t\t<div class=\"elementor-element elementor-element-bfc15e3 e-con-full e-flex elementor-invisible e-con e-child\" data-id=\"bfc15e3\" data-element_type=\"container\" data-e-type=\"container\" data-settings=\"{&quot;animation&quot;:&quot;fadeInLeft&quot;}\">\n\t\t\t\t<div class=\"elementor-element elementor-element-e22cc3f elementor-widget elementor-widget-heading\" data-id=\"e22cc3f\" data-element_type=\"widget\" data-e-type=\"widget\" data-widget_type=\"heading.default\">\n\t\t\t\t<div class=\"elementor-widget-container\">\n\t\t\t\t\t<h2 class=\"elementor-heading-title elementor-size-default\">\u00bfQuieres compartir tus conocimientos y apoyar la formaci\u00f3n de nuevos ingenieros?<\/h2>\t\t\t\t<\/div>\n\t\t\t\t<\/div>\n\t\t\t\t<div class=\"elementor-element elementor-element-c5ac00d elementor-widget elementor-widget-text-editor\" data-id=\"c5ac00d\" data-element_type=\"widget\" data-e-type=\"widget\" data-settings=\"{&quot;_animation&quot;:&quot;none&quot;}\" data-widget_type=\"text-editor.default\">\n\t\t\t\t<div class=\"elementor-widget-container\">\n\t\t\t\t\t\t\t\t\t<p>La <strong>Carrera de Ingenier\u00eda Petrolera<\/strong> de la UMSA convoca a estudiantes destacados y egresados a formar parte de su plantel de Auxiliares de Docencia. Esta es tu oportunidad para iniciarte en el camino de la ense\u00f1anza, reforzar tus propios conocimientos y contribuir activamente a la excelencia acad\u00e9mica de nuestra facultad.<\/p>\t\t\t\t\t\t\t\t<\/div>\n\t\t\t\t<\/div>\n\t\t\t\t<\/div>\n\t\t<div class=\"elementor-element elementor-element-afd82ff e-con-full e-flex e-con e-child\" data-id=\"afd82ff\" data-element_type=\"container\" data-e-type=\"container\" data-settings=\"{&quot;animation&quot;:&quot;none&quot;}\">\n\t\t\t\t<div class=\"elementor-element elementor-element-916cc79 elementor-widget__width-initial elementor-flip-box--effect-flip elementor-flip-box--direction-up elementor-widget elementor-widget-flip-box\" data-id=\"916cc79\" data-element_type=\"widget\" data-e-type=\"widget\" data-widget_type=\"flip-box.default\">\n\t\t\t\t<div class=\"elementor-widget-container\">\n\t\t\t\t\t\t\t<div class=\"elementor-flip-box\" tabindex=\"0\">\n\t\t\t<div class=\"elementor-flip-box__layer elementor-flip-box__front\">\n\t\t\t\t<div class=\"elementor-flip-box__layer__overlay\">\n\t\t\t\t\t<div class=\"elementor-flip-box__layer__inner\">\n\t\t\t\t\t\t\t\t\t\t\t\t\t<div class=\"elementor-flip-box__image\">\n\t\t\t\t\t\t\t\t<img decoding=\"async\" width=\"500\" height=\"500\" src=\"https:\/\/petrolera.umsa.edu.bo\/wp-content\/uploads\/2025\/07\/logo-PET_cuadrado.png\" class=\"attachment-1536x1536 size-1536x1536 wp-image-386\" alt=\"\" srcset=\"https:\/\/petrolera.umsa.edu.bo\/wp-content\/uploads\/2025\/07\/logo-PET_cuadrado.png 500w, https:\/\/petrolera.umsa.edu.bo\/wp-content\/uploads\/2025\/07\/logo-PET_cuadrado-300x300.png 300w, https:\/\/petrolera.umsa.edu.bo\/wp-content\/uploads\/2025\/07\/logo-PET_cuadrado-150x150.png 150w, https:\/\/petrolera.umsa.edu.bo\/wp-content\/uploads\/2025\/07\/elementor\/thumbs\/logo-PET_cuadrado-r98r6nfu0bksspyhl61bxxer8zg3wiwvwwb62nijlc.png 120w, https:\/\/petrolera.umsa.edu.bo\/wp-content\/uploads\/2025\/07\/elementor\/thumbs\/logo-PET_cuadrado-r98r6nftvxp5mx5459y7qbix590y1clbbpungigtl8.png 110w\" sizes=\"(max-width: 500px) 100vw, 500px\" \/>\t\t\t\t\t\t\t<\/div>\n\t\t\t\t\t\t\n\t\t\t\t\t\t\t\t\t\t\t\t\t<h3 class=\"elementor-flip-box__layer__title\">\n\t\t\t\t\t\t\t\tAdmisiones Auxiliar de Docencia\t\t\t\t\t\t\t<\/h3>\n\t\t\t\t\t\t\n\t\t\t\t\t\t\t\t\t\t\t\t\t<div class=\"elementor-flip-box__layer__description\">\n\t\t\t\t\t\t\t\tAccede a informaci\u00f3n oficial sobre Convocatorias, requisitos, cronograma de ex\u00e1menes y documentaci\u00f3n necesaria a presentar.\t\t\t\t\t\t\t<\/div>\n\t\t\t\t\t\t\t\t\t\t\t<\/div>\n\t\t\t\t<\/div>\n\t\t\t<\/div>\n\t\t\t<div class=\"elementor-flip-box__layer elementor-flip-box__back\">\n\t\t\t<div class=\"elementor-flip-box__layer__overlay\">\n\t\t\t\t<div class=\"elementor-flip-box__layer__inner\">\n\t\t\t\t\t\t\t\t\t\t\t<h3 class=\"elementor-flip-box__layer__title\">\n\t\t\t\t\t\t\tAdmisiones para Auxiliares de Docencia \t\t\t\t\t\t<\/h3>\n\t\t\t\t\t\n\t\t\t\t\t\t\t\t\t\t\t<div class=\"elementor-flip-box__layer__description\">\n\t\t\t\t\t\t\tAccede a convocatorias de Concurso de m\u00e9ritos y ex\u00e1men de competencia para auxiliares de docencia\t\t\t\t\t\t<\/div>\n\t\t\t\t\t\n\t\t\t\t\t\t\t\t\t\t\t<a class=\"elementor-flip-box__button elementor-button elementor-size-sm\" href=\"https:\/\/petrolera.umsa.edu.bo\/index.php\/auxiliar-de-docencia\/\" target=\"_blank\">\n\t\t\t\t\t\t\tHaz clic aqu\u00ed\t\t\t\t\t\t<\/a>\n\t\t\t\t\t\t\t\t<\/div>\n\t\t<\/div>\n\t\t<\/div>\n\t\t<\/div>\n\t\t\t\t\t\t<\/div>\n\t\t\t\t<\/div>\n\t\t\t\t<\/div>\n\t\t\t\t\t<\/div>\n\t\t\t\t<\/div>\n\t\t<div class=\"elementor-element elementor-element-23b605f e-flex e-con-boxed e-con e-parent\" data-id=\"23b605f\" data-element_type=\"container\" data-e-type=\"container\">\n\t\t\t\t\t<div class=\"e-con-inner\">\n\t\t\t\t<div class=\"elementor-element elementor-element-a9c82d2 elementor-widget-divider--view-line elementor-widget elementor-widget-divider\" data-id=\"a9c82d2\" data-element_type=\"widget\" data-e-type=\"widget\" data-widget_type=\"divider.default\">\n\t\t\t\t<div class=\"elementor-widget-container\">\n\t\t\t\t\t\t\t<div class=\"elementor-divider\">\n\t\t\t<span class=\"elementor-divider-separator\">\n\t\t\t\t\t\t<\/span>\n\t\t<\/div>\n\t\t\t\t\t\t<\/div>\n\t\t\t\t<\/div>\n\t\t\t\t\t<\/div>\n\t\t\t\t<\/div>\n\t\t<div class=\"elementor-element elementor-element-91a7d90 e-flex e-con-boxed e-con e-parent\" data-id=\"91a7d90\" data-element_type=\"container\" data-e-type=\"container\">\n\t\t\t\t\t<div class=\"e-con-inner\">\n\t\t<div class=\"elementor-element elementor-element-b709c5b e-con-full e-flex e-con e-child\" data-id=\"b709c5b\" data-element_type=\"container\" data-e-type=\"container\">\n\t\t\t\t<div class=\"elementor-element elementor-element-1c2cb92 elementor-flip-box--effect-flip elementor-flip-box--direction-up elementor-widget elementor-widget-flip-box\" data-id=\"1c2cb92\" data-element_type=\"widget\" data-e-type=\"widget\" data-widget_type=\"flip-box.default\">\n\t\t\t\t<div class=\"elementor-widget-container\">\n\t\t\t\t\t\t\t<div class=\"elementor-flip-box\" tabindex=\"0\">\n\t\t\t<div class=\"elementor-flip-box__layer elementor-flip-box__front\">\n\t\t\t\t<div class=\"elementor-flip-box__layer__overlay\">\n\t\t\t\t\t<div class=\"elementor-flip-box__layer__inner\">\n\t\t\t\t\t\t\t\t\t\t\t\t\t<div class=\"elementor-flip-box__image\">\n\t\t\t\t\t\t\t\t<img decoding=\"async\" width=\"1080\" height=\"1080\" src=\"https:\/\/petrolera.umsa.edu.bo\/wp-content\/uploads\/2025\/11\/petrolera-blanco-finn-1.webp\" class=\"attachment-1536x1536 size-1536x1536 wp-image-3785\" alt=\"\" srcset=\"https:\/\/petrolera.umsa.edu.bo\/wp-content\/uploads\/2025\/11\/petrolera-blanco-finn-1.webp 1080w, https:\/\/petrolera.umsa.edu.bo\/wp-content\/uploads\/2025\/11\/petrolera-blanco-finn-1-300x300.webp 300w, https:\/\/petrolera.umsa.edu.bo\/wp-content\/uploads\/2025\/11\/petrolera-blanco-finn-1-1024x1024.webp 1024w, https:\/\/petrolera.umsa.edu.bo\/wp-content\/uploads\/2025\/11\/petrolera-blanco-finn-1-150x150.webp 150w, https:\/\/petrolera.umsa.edu.bo\/wp-content\/uploads\/2025\/11\/petrolera-blanco-finn-1-768x768.webp 768w\" sizes=\"(max-width: 1080px) 100vw, 1080px\" \/>\t\t\t\t\t\t\t<\/div>\n\t\t\t\t\t\t\n\t\t\t\t\t\t\t\t\t\t\t\t\t<h3 class=\"elementor-flip-box__layer__title\">\n\t\t\t\t\t\t\t\tAdmisiones Docentes\t\t\t\t\t\t\t<\/h3>\n\t\t\t\t\t\t\n\t\t\t\t\t\t\t\t\t\t\t\t\t<div class=\"elementor-flip-box__layer__description\">\n\t\t\t\t\t\t\t\tAccede a informaci\u00f3n oficial sobre requisitos, fechas de inscripci\u00f3n, cronograma de ex\u00e1menes y documentaci\u00f3n necesaria.\t\t\t\t\t\t\t<\/div>\n\t\t\t\t\t\t\t\t\t\t\t<\/div>\n\t\t\t\t<\/div>\n\t\t\t<\/div>\n\t\t\t<div class=\"elementor-flip-box__layer elementor-flip-box__back\">\n\t\t\t<div class=\"elementor-flip-box__layer__overlay\">\n\t\t\t\t<div class=\"elementor-flip-box__layer__inner\">\n\t\t\t\t\t\t\t\t\t\t\t<h3 class=\"elementor-flip-box__layer__title\">\n\t\t\t\t\t\t\tAdmisiones Docentes \t\t\t\t\t\t<\/h3>\n\t\t\t\t\t\n\t\t\t\t\t\t\t\t\t\t\t<div class=\"elementor-flip-box__layer__description\">\n\t\t\t\t\t\t\tAccede a Convocatorias sobre nuevos requerimientos de docente para nuestra carrera.\t\t\t\t\t\t<\/div>\n\t\t\t\t\t\n\t\t\t\t\t\t\t\t\t\t\t<a class=\"elementor-flip-box__button elementor-button elementor-size-sm\" href=\"https:\/\/petrolera.umsa.edu.bo\/index.php\/admision-docentes\/\" target=\"_blank\">\n\t\t\t\t\t\t\tHaz clic aqu\u00ed\t\t\t\t\t\t<\/a>\n\t\t\t\t\t\t\t\t<\/div>\n\t\t<\/div>\n\t\t<\/div>\n\t\t<\/div>\n\t\t\t\t\t\t<\/div>\n\t\t\t\t<\/div>\n\t\t\t\t<\/div>\n\t\t<div class=\"elementor-element elementor-element-7222a46 e-con-full e-flex elementor-invisible e-con e-child\" data-id=\"7222a46\" data-element_type=\"container\" data-e-type=\"container\" data-settings=\"{&quot;animation&quot;:&quot;fadeInRight&quot;}\">\n\t\t\t\t<div class=\"elementor-element elementor-element-1e61d7c elementor-widget elementor-widget-heading\" data-id=\"1e61d7c\" data-element_type=\"widget\" data-e-type=\"widget\" data-widget_type=\"heading.default\">\n\t\t\t\t<div class=\"elementor-widget-container\">\n\t\t\t\t\t<h2 class=\"elementor-heading-title elementor-size-default\">\u00bfEres profesional del \u00e1rea hidrocarburos y te apasiona la ense\u00f1anza?<\/h2>\t\t\t\t<\/div>\n\t\t\t\t<\/div>\n\t\t\t\t<div class=\"elementor-element elementor-element-a96d65c elementor-invisible elementor-widget elementor-widget-text-editor\" data-id=\"a96d65c\" data-element_type=\"widget\" data-e-type=\"widget\" data-settings=\"{&quot;_animation&quot;:&quot;fadeInRight&quot;}\" data-widget_type=\"text-editor.default\">\n\t\t\t\t<div class=\"elementor-widget-container\">\n\t\t\t\t\t\t\t\t\t<p>La <strong>Carrera de Ingenier\u00eda Petrolera<\/strong> de la UMSA convoca a profesionales con experiencia en el sector y vocaci\u00f3n acad\u00e9mica a formar parte de nuestro distinguido plantel docente. Si cuentas con t\u00edtulo profesional, experiencia en la industria y deseas compartir tus conocimientos con las nuevas generaciones, esta es tu oportunidad para contribuir a la excelencia educativa.<\/p>\t\t\t\t\t\t\t\t<\/div>\n\t\t\t\t<\/div>\n\t\t\t\t<\/div>\n\t\t\t\t\t<\/div>\n\t\t\t\t<\/div>\n\t\t\t\t<\/div>\n\t\t","protected":false},"excerpt":{"rendered":"<p>ADMISIONES Admisiones Estudiantes Nuevos Accede a informaci\u00f3n oficial sobre requisitos, fechas de inscripci\u00f3n, cronograma de ex\u00e1menes y documentaci\u00f3n necesaria. Estudiantes [&hellip;]<\/p>\n","protected":false},"author":4,"featured_media":0,"parent":0,"menu_order":0,"comment_status":"closed","ping_status":"closed","template":"","meta":{"site-sidebar-layout":"no-sidebar","site-content-layout":"","ast-site-content-layout":"full-width-container","site-content-style":"default","site-sidebar-style":"default","ast-global-header-display":"","ast-banner-title-visibility":"","ast-main-header-display":"","ast-hfb-above-header-display":"","ast-hfb-below-header-display":"","ast-hfb-mobile-header-display":"","site-post-title":"","ast-breadcrumbs-content":"","ast-featured-img":"disabled","footer-sml-layout":"","ast-disable-related-posts":"","theme-transparent-header-meta":"","adv-header-id-meta":"","stick-header-meta":"","header-above-stick-meta":"","header-main-stick-meta":"","header-below-stick-meta":"","astra-migrate-meta-layouts":"default","ast-page-background-enabled":"default","ast-page-background-meta":{"desktop":{"background-color":"var(--ast-global-color-4)","background-image":"","background-repeat":"repeat","background-position":"center center","background-size":"auto","background-attachment":"scroll","background-type":"","background-media":"","overlay-type":"","overlay-color":"","overlay-opacity":"","overlay-gradient":""},"tablet":{"background-color":"","background-image":"","background-repeat":"repeat","background-position":"center center","background-size":"auto","background-attachment":"scroll","background-type":"","background-media":"","overlay-type":"","overlay-color":"","overlay-opacity":"","overlay-gradient":""},"mobile":{"background-color":"","background-image":"","background-repeat":"repeat","background-position":"center center","background-size":"auto","background-attachment":"scroll","background-type":"","background-media":"","overlay-type":"","overlay-color":"","overlay-opacity":"","overlay-gradient":""}},"ast-content-background-meta":{"desktop":{"background-color":"var(--ast-global-color-5)","background-image":"","background-repeat":"repeat","background-position":"center center","background-size":"auto","background-attachment":"scroll","background-type":"","background-media":"","overlay-type":"","overlay-color":"","overlay-opacity":"","overlay-gradient":""},"tablet":{"background-color":"var(--ast-global-color-5)","background-image":"","background-repeat":"repeat","background-position":"center center","background-size":"auto","background-attachment":"scroll","background-type":"","background-media":"","overlay-type":"","overlay-color":"","overlay-opacity":"","overlay-gradient":""},"mobile":{"background-color":"var(--ast-global-color-5)","background-image":"","background-repeat":"repeat","background-position":"center center","background-size":"auto","background-attachment":"scroll","background-type":"","background-media":"","overlay-type":"","overlay-color":"","overlay-opacity":"","overlay-gradient":""}},"footnotes":""},"class_list":["post-4523","page","type-page","status-publish","hentry"],"_links":{"self":[{"href":"https:\/\/petrolera.umsa.edu.bo\/index.php\/wp-json\/wp\/v2\/pages\/4523","targetHints":{"allow":["GET"]}}],"collection":[{"href":"https:\/\/petrolera.umsa.edu.bo\/index.php\/wp-json\/wp\/v2\/pages"}],"about":[{"href":"https:\/\/petrolera.umsa.edu.bo\/index.php\/wp-json\/wp\/v2\/types\/page"}],"author":[{"embeddable":true,"href":"https:\/\/petrolera.umsa.edu.bo\/index.php\/wp-json\/wp\/v2\/users\/4"}],"replies":[{"embeddable":true,"href":"https:\/\/petrolera.umsa.edu.bo\/index.php\/wp-json\/wp\/v2\/comments?post=4523"}],"version-history":[{"count":122,"href":"https:\/\/petrolera.umsa.edu.bo\/index.php\/wp-json\/wp\/v2\/pages\/4523\/revisions"}],"predecessor-version":[{"id":10088,"href":"https:\/\/petrolera.umsa.edu.bo\/index.php\/wp-json\/wp\/v2\/pages\/4523\/revisions\/10088"}],"wp:attachment":[{"href":"https:\/\/petrolera.umsa.edu.bo\/index.php\/wp-json\/wp\/v2\/media?parent=4523"}],"curies":[{"name":"wp","href":"https:\/\/api.w.org\/{rel}","templated":true}]}}