{"id":4450,"date":"2025-12-03T22:48:23","date_gmt":"2025-12-03T22:48:23","guid":{"rendered":"https:\/\/petrolera.umsa.edu.bo\/?page_id=4450"},"modified":"2026-02-28T01:56:07","modified_gmt":"2026-02-28T05:56:07","slug":"auxiliar-de-docencia","status":"publish","type":"page","link":"https:\/\/petrolera.umsa.edu.bo\/index.php\/auxiliar-de-docencia\/","title":{"rendered":"Admisiones auxiliar de docencia"},"content":{"rendered":"\t\t<div data-elementor-type=\"wp-page\" data-elementor-id=\"4450\" class=\"elementor elementor-4450\" data-elementor-post-type=\"page\">\n\t\t\t\t<div class=\"elementor-element elementor-element-b00d6ca e-flex e-con-boxed e-con e-parent\" data-id=\"b00d6ca\" data-element_type=\"container\" data-e-type=\"container\" data-settings=\"{&quot;background_background&quot;:&quot;classic&quot;}\">\n\t\t\t\t\t<div class=\"e-con-inner\">\n\t\t\t\t<div class=\"elementor-element elementor-element-75eeb84 elementor-widget elementor-widget-heading\" data-id=\"75eeb84\" data-element_type=\"widget\" data-e-type=\"widget\" data-widget_type=\"heading.default\">\n\t\t\t\t<div class=\"elementor-widget-container\">\n\t\t\t\t\t<h2 class=\"elementor-heading-title elementor-size-default\">ADMISIONES - AUXILIAR DOCENCIA<\/h2>\t\t\t\t<\/div>\n\t\t\t\t<\/div>\n\t\t\t\t\t<\/div>\n\t\t\t\t<\/div>\n\t\t<div class=\"elementor-element elementor-element-17f1f2e e-flex e-con-boxed e-con e-parent\" data-id=\"17f1f2e\" data-element_type=\"container\" data-e-type=\"container\">\n\t\t\t\t\t<div class=\"e-con-inner\">\n\t\t<div class=\"elementor-element elementor-element-b788832 e-con-full e-flex e-con e-child\" data-id=\"b788832\" data-element_type=\"container\" data-e-type=\"container\">\n\t\t\t\t<div class=\"elementor-element elementor-element-ddbd50f elementor-widget elementor-widget-heading\" data-id=\"ddbd50f\" data-element_type=\"widget\" data-e-type=\"widget\" data-widget_type=\"heading.default\">\n\t\t\t\t<div class=\"elementor-widget-container\">\n\t\t\t\t\t<h2 class=\"elementor-heading-title elementor-size-default\">Concurso de m\u00e9ritos y ex\u00e1men de competencia para auxiliares de docencia Gesti\u00f3n Acad\u00e9mica 2026<\/h2>\t\t\t\t<\/div>\n\t\t\t\t<\/div>\n\t\t\t\t<\/div>\n\t\t<div class=\"elementor-element elementor-element-a0c0b23 e-con-full e-flex e-con e-child\" data-id=\"a0c0b23\" data-element_type=\"container\" data-e-type=\"container\">\n\t\t\t\t<div class=\"elementor-element elementor-element-d67f659 elementor-widget elementor-widget-text-editor\" data-id=\"d67f659\" data-element_type=\"widget\" data-e-type=\"widget\" data-widget_type=\"text-editor.default\">\n\t\t\t\t<div class=\"elementor-widget-container\">\n\t\t\t\t\t\t\t\t\t<p><strong>Presentaci\u00f3n de documentos:<\/strong><\/p><hr \/><p><strong>Fecha:<\/strong> Del 2 al 6 de marzo de 2026\u00a0<\/p><p><strong>Horas:<\/strong> 9:00 &#8211; 16:00<\/p><p><strong>Lugar:<\/strong> Direcci\u00f3n de Carrera de Ingenier\u00eda Petrolera<\/p>\t\t\t\t\t\t\t\t<\/div>\n\t\t\t\t<\/div>\n\t\t\t\t<div class=\"elementor-element elementor-element-fa28878 elementor-widget elementor-widget-text-editor\" data-id=\"fa28878\" data-element_type=\"widget\" data-e-type=\"widget\" data-widget_type=\"text-editor.default\">\n\t\t\t\t<div class=\"elementor-widget-container\">\n\t\t\t\t\t\t\t\t\t<p><strong>Nota:<\/strong> La recepcion de documentos el dia \u00faltimo 6 de marzo se realizar\u00e1 hasta horas 12:00.<\/p>\t\t\t\t\t\t\t\t<\/div>\n\t\t\t\t<\/div>\n\t\t\t\t<\/div>\n\t\t<div class=\"elementor-element elementor-element-10172ce e-con-full e-flex e-con e-child\" data-id=\"10172ce\" data-element_type=\"container\" data-e-type=\"container\">\n\t\t\t\t<div class=\"elementor-element elementor-element-9194471 elementor-widget elementor-widget-text-editor\" data-id=\"9194471\" data-element_type=\"widget\" data-e-type=\"widget\" data-widget_type=\"text-editor.default\">\n\t\t\t\t<div class=\"elementor-widget-container\">\n\t\t\t\t\t\t\t\t\t<p><strong>Ex\u00e1menes:<\/strong><\/p><hr \/><p><strong>Fecha:<\/strong> Del 9 al 11 de marzo de 2026<\/p><p><strong>Horas:<\/strong> 9:00 -18:00<\/p><p><strong>Lugar:<\/strong> Campus Carrera de Ingenier\u00eda Petrolera<\/p>\t\t\t\t\t\t\t\t<\/div>\n\t\t\t\t<\/div>\n\t\t\t\t<\/div>\n\t\t\t\t\t<\/div>\n\t\t\t\t<\/div>\n\t\t<div class=\"elementor-element elementor-element-4cedfa7 e-flex e-con-boxed e-con e-parent\" data-id=\"4cedfa7\" data-element_type=\"container\" data-e-type=\"container\">\n\t\t\t\t\t<div class=\"e-con-inner\">\n\t\t\t\t<div class=\"elementor-element elementor-element-fc856d7 elementor-widget elementor-widget-heading\" data-id=\"fc856d7\" data-element_type=\"widget\" data-e-type=\"widget\" data-widget_type=\"heading.default\">\n\t\t\t\t<div class=\"elementor-widget-container\">\n\t\t\t\t\t<h2 class=\"elementor-heading-title elementor-size-default\">Mayor informaci\u00f3n detallada en el documento completo de convocatoria <\/h2>\t\t\t\t<\/div>\n\t\t\t\t<\/div>\n\t\t\t\t\t<\/div>\n\t\t\t\t<\/div>\n\t\t<div class=\"elementor-element elementor-element-eaf258b e-flex e-con-boxed e-con e-parent\" data-id=\"eaf258b\" data-element_type=\"container\" data-e-type=\"container\">\n\t\t\t\t\t<div class=\"e-con-inner\">\n\t\t\t\t<div class=\"elementor-element elementor-element-3b3a773 elementor-widget elementor-widget-text-editor\" data-id=\"3b3a773\" data-element_type=\"widget\" data-e-type=\"widget\" data-widget_type=\"text-editor.default\">\n\t\t\t\t<div class=\"elementor-widget-container\">\n\t\t\t\t\t\t\t\t\t<hr \/><p><a href=\"https:\/\/petrolera.umsa.edu.bo\/wp-content\/uploads\/2026\/02\/Segunda-Convocatoria-Aux-doc-2026.pdf\" target=\"_blank\" rel=\"noopener\">Segunda convocatoria para Auxiliares de Docencia Gesti\u00f3n Acad\u00e9mica 2026<\/a><\/p>\t\t\t\t\t\t\t\t<\/div>\n\t\t\t\t<\/div>\n\t\t\t\t\t<\/div>\n\t\t\t\t<\/div>\n\t\t\t\t<\/div>\n\t\t","protected":false},"excerpt":{"rendered":"<p>ADMISIONES &#8211; AUXILIAR DOCENCIA Concurso de m\u00e9ritos y ex\u00e1men de competencia para auxiliares de docencia Gesti\u00f3n Acad\u00e9mica 2026 Presentaci\u00f3n de [&hellip;]<\/p>\n","protected":false},"author":4,"featured_media":0,"parent":0,"menu_order":0,"comment_status":"closed","ping_status":"closed","template":"","meta":{"site-sidebar-layout":"no-sidebar","site-content-layout":"","ast-site-content-layout":"full-width-container","site-content-style":"default","site-sidebar-style":"default","ast-global-header-display":"","ast-banner-title-visibility":"","ast-main-header-display":"","ast-hfb-above-header-display":"","ast-hfb-below-header-display":"","ast-hfb-mobile-header-display":"","site-post-title":"disabled","ast-breadcrumbs-content":"","ast-featured-img":"disabled","footer-sml-layout":"","ast-disable-related-posts":"","theme-transparent-header-meta":"","adv-header-id-meta":"","stick-header-meta":"","header-above-stick-meta":"","header-main-stick-meta":"","header-below-stick-meta":"","astra-migrate-meta-layouts":"default","ast-page-background-enabled":"default","ast-page-background-meta":{"desktop":{"background-color":"var(--ast-global-color-4)","background-image":"","background-repeat":"repeat","background-position":"center center","background-size":"auto","background-attachment":"scroll","background-type":"","background-media":"","overlay-type":"","overlay-color":"","overlay-opacity":"","overlay-gradient":""},"tablet":{"background-color":"","background-image":"","background-repeat":"repeat","background-position":"center center","background-size":"auto","background-attachment":"scroll","background-type":"","background-media":"","overlay-type":"","overlay-color":"","overlay-opacity":"","overlay-gradient":""},"mobile":{"background-color":"","background-image":"","background-repeat":"repeat","background-position":"center center","background-size":"auto","background-attachment":"scroll","background-type":"","background-media":"","overlay-type":"","overlay-color":"","overlay-opacity":"","overlay-gradient":""}},"ast-content-background-meta":{"desktop":{"background-color":"var(--ast-global-color-5)","background-image":"","background-repeat":"repeat","background-position":"center center","background-size":"auto","background-attachment":"scroll","background-type":"","background-media":"","overlay-type":"","overlay-color":"","overlay-opacity":"","overlay-gradient":""},"tablet":{"background-color":"var(--ast-global-color-5)","background-image":"","background-repeat":"repeat","background-position":"center center","background-size":"auto","background-attachment":"scroll","background-type":"","background-media":"","overlay-type":"","overlay-color":"","overlay-opacity":"","overlay-gradient":""},"mobile":{"background-color":"var(--ast-global-color-5)","background-image":"","background-repeat":"repeat","background-position":"center center","background-size":"auto","background-attachment":"scroll","background-type":"","background-media":"","overlay-type":"","overlay-color":"","overlay-opacity":"","overlay-gradient":""}},"footnotes":""},"class_list":["post-4450","page","type-page","status-publish","hentry"],"_links":{"self":[{"href":"https:\/\/petrolera.umsa.edu.bo\/index.php\/wp-json\/wp\/v2\/pages\/4450","targetHints":{"allow":["GET"]}}],"collection":[{"href":"https:\/\/petrolera.umsa.edu.bo\/index.php\/wp-json\/wp\/v2\/pages"}],"about":[{"href":"https:\/\/petrolera.umsa.edu.bo\/index.php\/wp-json\/wp\/v2\/types\/page"}],"author":[{"embeddable":true,"href":"https:\/\/petrolera.umsa.edu.bo\/index.php\/wp-json\/wp\/v2\/users\/4"}],"replies":[{"embeddable":true,"href":"https:\/\/petrolera.umsa.edu.bo\/index.php\/wp-json\/wp\/v2\/comments?post=4450"}],"version-history":[{"count":28,"href":"https:\/\/petrolera.umsa.edu.bo\/index.php\/wp-json\/wp\/v2\/pages\/4450\/revisions"}],"predecessor-version":[{"id":9984,"href":"https:\/\/petrolera.umsa.edu.bo\/index.php\/wp-json\/wp\/v2\/pages\/4450\/revisions\/9984"}],"wp:attachment":[{"href":"https:\/\/petrolera.umsa.edu.bo\/index.php\/wp-json\/wp\/v2\/media?parent=4450"}],"curies":[{"name":"wp","href":"https:\/\/api.w.org\/{rel}","templated":true}]}}