{"id":4340,"date":"2025-12-03T15:51:51","date_gmt":"2025-12-03T15:51:51","guid":{"rendered":"https:\/\/petrolera.umsa.edu.bo\/?page_id=4340"},"modified":"2026-02-07T16:46:11","modified_gmt":"2026-02-07T20:46:11","slug":"ingenieria-en-petroleo-gas-y-procesos","status":"publish","type":"page","link":"https:\/\/petrolera.umsa.edu.bo\/index.php\/ingenieria-en-petroleo-gas-y-procesos\/","title":{"rendered":"Ingenieria en Petroleo Gas y Procesos"},"content":{"rendered":"\t\t<div data-elementor-type=\"wp-page\" data-elementor-id=\"4340\" class=\"elementor elementor-4340\" data-elementor-post-type=\"page\">\n\t\t\t\t<div class=\"elementor-element elementor-element-b00d6ca e-flex e-con-boxed e-con e-parent\" data-id=\"b00d6ca\" data-element_type=\"container\" data-e-type=\"container\" data-settings=\"{&quot;background_background&quot;:&quot;classic&quot;}\">\n\t\t\t\t\t<div class=\"e-con-inner\">\n\t\t\t\t<div class=\"elementor-element elementor-element-75eeb84 elementor-widget elementor-widget-heading\" data-id=\"75eeb84\" data-element_type=\"widget\" data-e-type=\"widget\" data-widget_type=\"heading.default\">\n\t\t\t\t<div class=\"elementor-widget-container\">\n\t\t\t\t\t<h2 class=\"elementor-heading-title elementor-size-default\">INGENIERIA EN PETROLEO, GAS Y PROCESOS<\/h2>\t\t\t\t<\/div>\n\t\t\t\t<\/div>\n\t\t\t\t\t<\/div>\n\t\t\t\t<\/div>\n\t\t<div class=\"elementor-element elementor-element-5811bb8 e-flex e-con-boxed e-con e-parent\" data-id=\"5811bb8\" data-element_type=\"container\" data-e-type=\"container\" data-settings=\"{&quot;background_background&quot;:&quot;classic&quot;}\">\n\t\t\t\t\t<div class=\"e-con-inner\">\n\t\t<div class=\"elementor-element elementor-element-53dc5ed e-flex e-con-boxed e-con e-child\" data-id=\"53dc5ed\" data-element_type=\"container\" data-e-type=\"container\">\n\t\t\t\t\t<div class=\"e-con-inner\">\n\t\t\t\t<div class=\"elementor-element elementor-element-dad6e49 elementor-widget elementor-widget-text-editor\" data-id=\"dad6e49\" data-element_type=\"widget\" data-e-type=\"widget\" data-widget_type=\"text-editor.default\">\n\t\t\t\t<div class=\"elementor-widget-container\">\n\t\t\t\t\t\t\t\t\t<p style=\"text-align: center;\">La carrera de <strong>Ingenier\u00eda en Petr\u00f3leo, Gas y Procesos<\/strong> forma profesionales capaces de gestionar, operar y optimizar sistemas relacionados con la exploraci\u00f3n, explotaci\u00f3n, transporte, procesamiento y transformaci\u00f3n de hidrocarburos y recursos energ\u00e9ticos.<\/p><p style=\"text-align: center;\">Nuestro programa combina s\u00f3lidos fundamentos cient\u00edficos con formaci\u00f3n t\u00e9cnica aplicada, pr\u00e1ctica de laboratorio y una visi\u00f3n moderna del sector energ\u00e9tico, orientada a la eficiencia, sostenibilidad e innovaci\u00f3n tecnol\u00f3gica.<\/p>\t\t\t\t\t\t\t\t<\/div>\n\t\t\t\t<\/div>\n\t\t\t\t\t<\/div>\n\t\t\t\t<\/div>\n\t\t\t\t\t<\/div>\n\t\t\t\t<\/div>\n\t\t<div class=\"elementor-element elementor-element-e4acfe5 e-flex e-con-boxed e-con e-parent\" data-id=\"e4acfe5\" data-element_type=\"container\" data-e-type=\"container\" data-settings=\"{&quot;background_background&quot;:&quot;classic&quot;}\">\n\t\t\t\t\t<div class=\"e-con-inner\">\n\t\t\t\t<div class=\"elementor-element elementor-element-cb65230 elementor-widget elementor-widget-heading\" data-id=\"cb65230\" data-element_type=\"widget\" data-e-type=\"widget\" data-widget_type=\"heading.default\">\n\t\t\t\t<div class=\"elementor-widget-container\">\n\t\t\t\t\t<h2 class=\"elementor-heading-title elementor-size-default\">Campo Laboral<\/h2>\t\t\t\t<\/div>\n\t\t\t\t<\/div>\n\t\t\t\t\t<\/div>\n\t\t\t\t<\/div>\n\t\t<div class=\"elementor-element elementor-element-dbbbe6f e-flex e-con-boxed e-con e-parent\" data-id=\"dbbbe6f\" data-element_type=\"container\" data-e-type=\"container\" data-settings=\"{&quot;background_background&quot;:&quot;classic&quot;}\">\n\t\t\t\t\t<div class=\"e-con-inner\">\n\t\t<div class=\"elementor-element elementor-element-7b23491 e-con-full e-flex e-con e-child\" data-id=\"7b23491\" data-element_type=\"container\" data-e-type=\"container\">\n\t\t\t\t<div class=\"elementor-element elementor-element-60fab41 elementor-position-top elementor-widget elementor-widget-image-box\" data-id=\"60fab41\" data-element_type=\"widget\" data-e-type=\"widget\" data-widget_type=\"image-box.default\">\n\t\t\t\t<div class=\"elementor-widget-container\">\n\t\t\t\t\t<div class=\"elementor-image-box-wrapper\"><figure class=\"elementor-image-box-img\"><img fetchpriority=\"high\" decoding=\"async\" width=\"1024\" height=\"1024\" src=\"https:\/\/petrolera.umsa.edu.bo\/wp-content\/uploads\/2024\/04\/Banner2.jpeg\" class=\"attachment-full size-full wp-image-42\" alt=\"\" srcset=\"https:\/\/petrolera.umsa.edu.bo\/wp-content\/uploads\/2024\/04\/Banner2.jpeg 1024w, https:\/\/petrolera.umsa.edu.bo\/wp-content\/uploads\/2024\/04\/Banner2-300x300.jpeg 300w, https:\/\/petrolera.umsa.edu.bo\/wp-content\/uploads\/2024\/04\/Banner2-150x150.jpeg 150w, https:\/\/petrolera.umsa.edu.bo\/wp-content\/uploads\/2024\/04\/Banner2-768x768.jpeg 768w\" sizes=\"(max-width: 1024px) 100vw, 1024px\" \/><\/figure><div class=\"elementor-image-box-content\"><h3 class=\"elementor-image-box-title\">Empresas petroleras y gas\u00edferas<\/h3><\/div><\/div>\t\t\t\t<\/div>\n\t\t\t\t<\/div>\n\t\t\t\t<\/div>\n\t\t<div class=\"elementor-element elementor-element-3899e16 e-con-full e-flex e-con e-child\" data-id=\"3899e16\" data-element_type=\"container\" data-e-type=\"container\">\n\t\t\t\t<div class=\"elementor-element elementor-element-511c73e elementor-position-top elementor-widget elementor-widget-image-box\" data-id=\"511c73e\" data-element_type=\"widget\" data-e-type=\"widget\" data-widget_type=\"image-box.default\">\n\t\t\t\t<div class=\"elementor-widget-container\">\n\t\t\t\t\t<div class=\"elementor-image-box-wrapper\"><figure class=\"elementor-image-box-img\"><img fetchpriority=\"high\" decoding=\"async\" width=\"1024\" height=\"1024\" src=\"https:\/\/petrolera.umsa.edu.bo\/wp-content\/uploads\/2024\/04\/Banner2.jpeg\" class=\"attachment-full size-full wp-image-42\" alt=\"\" srcset=\"https:\/\/petrolera.umsa.edu.bo\/wp-content\/uploads\/2024\/04\/Banner2.jpeg 1024w, https:\/\/petrolera.umsa.edu.bo\/wp-content\/uploads\/2024\/04\/Banner2-300x300.jpeg 300w, https:\/\/petrolera.umsa.edu.bo\/wp-content\/uploads\/2024\/04\/Banner2-150x150.jpeg 150w, https:\/\/petrolera.umsa.edu.bo\/wp-content\/uploads\/2024\/04\/Banner2-768x768.jpeg 768w\" sizes=\"(max-width: 1024px) 100vw, 1024px\" \/><\/figure><div class=\"elementor-image-box-content\"><h3 class=\"elementor-image-box-title\">Plantas de procesamiento y refiner\u00edas<\/h3><\/div><\/div>\t\t\t\t<\/div>\n\t\t\t\t<\/div>\n\t\t\t\t<\/div>\n\t\t<div class=\"elementor-element elementor-element-6e9df88 e-con-full e-flex e-con e-child\" data-id=\"6e9df88\" data-element_type=\"container\" data-e-type=\"container\">\n\t\t\t\t<div class=\"elementor-element elementor-element-dea8199 elementor-position-top elementor-widget elementor-widget-image-box\" data-id=\"dea8199\" data-element_type=\"widget\" data-e-type=\"widget\" data-widget_type=\"image-box.default\">\n\t\t\t\t<div class=\"elementor-widget-container\">\n\t\t\t\t\t<div class=\"elementor-image-box-wrapper\"><figure class=\"elementor-image-box-img\"><img fetchpriority=\"high\" decoding=\"async\" width=\"1024\" height=\"1024\" src=\"https:\/\/petrolera.umsa.edu.bo\/wp-content\/uploads\/2024\/04\/Banner2.jpeg\" class=\"attachment-full size-full wp-image-42\" alt=\"\" srcset=\"https:\/\/petrolera.umsa.edu.bo\/wp-content\/uploads\/2024\/04\/Banner2.jpeg 1024w, https:\/\/petrolera.umsa.edu.bo\/wp-content\/uploads\/2024\/04\/Banner2-300x300.jpeg 300w, https:\/\/petrolera.umsa.edu.bo\/wp-content\/uploads\/2024\/04\/Banner2-150x150.jpeg 150w, https:\/\/petrolera.umsa.edu.bo\/wp-content\/uploads\/2024\/04\/Banner2-768x768.jpeg 768w\" sizes=\"(max-width: 1024px) 100vw, 1024px\" \/><\/figure><div class=\"elementor-image-box-content\"><h3 class=\"elementor-image-box-title\">Empresas de servicios industriales<\/h3><\/div><\/div>\t\t\t\t<\/div>\n\t\t\t\t<\/div>\n\t\t\t\t<\/div>\n\t\t<div class=\"elementor-element elementor-element-83eb1ae e-con-full e-flex e-con e-child\" data-id=\"83eb1ae\" data-element_type=\"container\" data-e-type=\"container\">\n\t\t\t\t<div class=\"elementor-element elementor-element-3734a73 elementor-position-top elementor-widget elementor-widget-image-box\" data-id=\"3734a73\" data-element_type=\"widget\" data-e-type=\"widget\" data-widget_type=\"image-box.default\">\n\t\t\t\t<div class=\"elementor-widget-container\">\n\t\t\t\t\t<div class=\"elementor-image-box-wrapper\"><figure class=\"elementor-image-box-img\"><img fetchpriority=\"high\" decoding=\"async\" width=\"1024\" height=\"1024\" src=\"https:\/\/petrolera.umsa.edu.bo\/wp-content\/uploads\/2024\/04\/Banner2.jpeg\" class=\"attachment-full size-full wp-image-42\" alt=\"\" srcset=\"https:\/\/petrolera.umsa.edu.bo\/wp-content\/uploads\/2024\/04\/Banner2.jpeg 1024w, https:\/\/petrolera.umsa.edu.bo\/wp-content\/uploads\/2024\/04\/Banner2-300x300.jpeg 300w, https:\/\/petrolera.umsa.edu.bo\/wp-content\/uploads\/2024\/04\/Banner2-150x150.jpeg 150w, https:\/\/petrolera.umsa.edu.bo\/wp-content\/uploads\/2024\/04\/Banner2-768x768.jpeg 768w\" sizes=\"(max-width: 1024px) 100vw, 1024px\" \/><\/figure><div class=\"elementor-image-box-content\"><h3 class=\"elementor-image-box-title\">Laboratorios de an\u00e1lisis de hidrocarburos<\/h3><\/div><\/div>\t\t\t\t<\/div>\n\t\t\t\t<\/div>\n\t\t\t\t<\/div>\n\t\t\t\t\t<\/div>\n\t\t\t\t<\/div>\n\t\t<div class=\"elementor-element elementor-element-2d51ab4 e-flex e-con-boxed e-con e-parent\" data-id=\"2d51ab4\" data-element_type=\"container\" data-e-type=\"container\" data-settings=\"{&quot;background_background&quot;:&quot;classic&quot;}\">\n\t\t\t\t\t<div class=\"e-con-inner\">\n\t\t<div class=\"elementor-element elementor-element-98377a8 e-con-full e-flex e-con e-child\" data-id=\"98377a8\" data-element_type=\"container\" data-e-type=\"container\">\n\t\t\t\t<div class=\"elementor-element elementor-element-a1ca0c2 elementor-position-top elementor-widget elementor-widget-image-box\" data-id=\"a1ca0c2\" data-element_type=\"widget\" data-e-type=\"widget\" data-widget_type=\"image-box.default\">\n\t\t\t\t<div class=\"elementor-widget-container\">\n\t\t\t\t\t<div class=\"elementor-image-box-wrapper\"><figure class=\"elementor-image-box-img\"><img fetchpriority=\"high\" decoding=\"async\" width=\"1024\" height=\"1024\" src=\"https:\/\/petrolera.umsa.edu.bo\/wp-content\/uploads\/2024\/04\/Banner2.jpeg\" class=\"attachment-full size-full wp-image-42\" alt=\"\" srcset=\"https:\/\/petrolera.umsa.edu.bo\/wp-content\/uploads\/2024\/04\/Banner2.jpeg 1024w, https:\/\/petrolera.umsa.edu.bo\/wp-content\/uploads\/2024\/04\/Banner2-300x300.jpeg 300w, https:\/\/petrolera.umsa.edu.bo\/wp-content\/uploads\/2024\/04\/Banner2-150x150.jpeg 150w, https:\/\/petrolera.umsa.edu.bo\/wp-content\/uploads\/2024\/04\/Banner2-768x768.jpeg 768w\" sizes=\"(max-width: 1024px) 100vw, 1024px\" \/><\/figure><div class=\"elementor-image-box-content\"><h3 class=\"elementor-image-box-title\">Consultor\u00edas t\u00e9cnicas<\/h3><\/div><\/div>\t\t\t\t<\/div>\n\t\t\t\t<\/div>\n\t\t\t\t<\/div>\n\t\t<div class=\"elementor-element elementor-element-fad7c98 e-con-full e-flex e-con e-child\" data-id=\"fad7c98\" data-element_type=\"container\" data-e-type=\"container\">\n\t\t\t\t<div class=\"elementor-element elementor-element-6144b27 elementor-position-top elementor-widget elementor-widget-image-box\" data-id=\"6144b27\" data-element_type=\"widget\" data-e-type=\"widget\" data-widget_type=\"image-box.default\">\n\t\t\t\t<div class=\"elementor-widget-container\">\n\t\t\t\t\t<div class=\"elementor-image-box-wrapper\"><figure class=\"elementor-image-box-img\"><img fetchpriority=\"high\" decoding=\"async\" width=\"1024\" height=\"1024\" src=\"https:\/\/petrolera.umsa.edu.bo\/wp-content\/uploads\/2024\/04\/Banner2.jpeg\" class=\"attachment-full size-full wp-image-42\" alt=\"\" srcset=\"https:\/\/petrolera.umsa.edu.bo\/wp-content\/uploads\/2024\/04\/Banner2.jpeg 1024w, https:\/\/petrolera.umsa.edu.bo\/wp-content\/uploads\/2024\/04\/Banner2-300x300.jpeg 300w, https:\/\/petrolera.umsa.edu.bo\/wp-content\/uploads\/2024\/04\/Banner2-150x150.jpeg 150w, https:\/\/petrolera.umsa.edu.bo\/wp-content\/uploads\/2024\/04\/Banner2-768x768.jpeg 768w\" sizes=\"(max-width: 1024px) 100vw, 1024px\" \/><\/figure><div class=\"elementor-image-box-content\"><h3 class=\"elementor-image-box-title\">Instituciones de regulaci\u00f3n y control<\/h3><\/div><\/div>\t\t\t\t<\/div>\n\t\t\t\t<\/div>\n\t\t\t\t<\/div>\n\t\t<div class=\"elementor-element elementor-element-03e5913 e-con-full e-flex e-con e-child\" data-id=\"03e5913\" data-element_type=\"container\" data-e-type=\"container\">\n\t\t\t\t<div class=\"elementor-element elementor-element-4255584 elementor-position-top elementor-widget elementor-widget-image-box\" data-id=\"4255584\" data-element_type=\"widget\" data-e-type=\"widget\" data-widget_type=\"image-box.default\">\n\t\t\t\t<div class=\"elementor-widget-container\">\n\t\t\t\t\t<div class=\"elementor-image-box-wrapper\"><figure class=\"elementor-image-box-img\"><img fetchpriority=\"high\" decoding=\"async\" width=\"1024\" height=\"1024\" src=\"https:\/\/petrolera.umsa.edu.bo\/wp-content\/uploads\/2024\/04\/Banner2.jpeg\" class=\"attachment-full size-full wp-image-42\" alt=\"\" srcset=\"https:\/\/petrolera.umsa.edu.bo\/wp-content\/uploads\/2024\/04\/Banner2.jpeg 1024w, https:\/\/petrolera.umsa.edu.bo\/wp-content\/uploads\/2024\/04\/Banner2-300x300.jpeg 300w, https:\/\/petrolera.umsa.edu.bo\/wp-content\/uploads\/2024\/04\/Banner2-150x150.jpeg 150w, https:\/\/petrolera.umsa.edu.bo\/wp-content\/uploads\/2024\/04\/Banner2-768x768.jpeg 768w\" sizes=\"(max-width: 1024px) 100vw, 1024px\" \/><\/figure><div class=\"elementor-image-box-content\"><h3 class=\"elementor-image-box-title\">Proyectos de investigaci\u00f3n y desarrollo tecnol\u00f3gico<\/h3><\/div><\/div>\t\t\t\t<\/div>\n\t\t\t\t<\/div>\n\t\t\t\t<\/div>\n\t\t\t\t\t<\/div>\n\t\t\t\t<\/div>\n\t\t<div class=\"elementor-element elementor-element-d5c9b39 e-flex e-con-boxed e-con e-parent\" data-id=\"d5c9b39\" data-element_type=\"container\" data-e-type=\"container\" data-settings=\"{&quot;background_background&quot;:&quot;classic&quot;}\">\n\t\t\t\t\t<div class=\"e-con-inner\">\n\t\t\t\t<div class=\"elementor-element elementor-element-12424dd elementor-widget elementor-widget-heading\" data-id=\"12424dd\" data-element_type=\"widget\" data-e-type=\"widget\" data-widget_type=\"heading.default\">\n\t\t\t\t<div class=\"elementor-widget-container\">\n\t\t\t\t\t<h2 class=\"elementor-heading-title elementor-size-default\">Duraci\u00f3n y Modalidad<\/h2>\t\t\t\t<\/div>\n\t\t\t\t<\/div>\n\t\t\t\t\t<\/div>\n\t\t\t\t<\/div>\n\t\t<div class=\"elementor-element elementor-element-6e20c7d e-flex e-con-boxed e-con e-parent\" data-id=\"6e20c7d\" data-element_type=\"container\" data-e-type=\"container\" data-settings=\"{&quot;background_background&quot;:&quot;classic&quot;}\">\n\t\t\t\t\t<div class=\"e-con-inner\">\n\t\t<div class=\"elementor-element elementor-element-a01e1f5 e-con-full e-flex e-con e-child\" data-id=\"a01e1f5\" data-element_type=\"container\" data-e-type=\"container\">\n\t\t\t\t<div class=\"elementor-element elementor-element-9cfe764 elementor-view-default elementor-position-block-start elementor-mobile-position-block-start elementor-widget elementor-widget-icon-box\" data-id=\"9cfe764\" data-element_type=\"widget\" data-e-type=\"widget\" data-widget_type=\"icon-box.default\">\n\t\t\t\t<div class=\"elementor-widget-container\">\n\t\t\t\t\t\t\t<div class=\"elementor-icon-box-wrapper\">\n\n\t\t\t\t\t\t<div class=\"elementor-icon-box-icon\">\n\t\t\t\t<span  class=\"elementor-icon\">\n\t\t\t\t<svg aria-hidden=\"true\" class=\"e-font-icon-svg e-far-clock\" viewBox=\"0 0 512 512\" xmlns=\"http:\/\/www.w3.org\/2000\/svg\"><path d=\"M256 8C119 8 8 119 8 256s111 248 248 248 248-111 248-248S393 8 256 8zm0 448c-110.5 0-200-89.5-200-200S145.5 56 256 56s200 89.5 200 200-89.5 200-200 200zm61.8-104.4l-84.9-61.7c-3.1-2.3-4.9-5.9-4.9-9.7V116c0-6.6 5.4-12 12-12h32c6.6 0 12 5.4 12 12v141.7l66.8 48.6c5.4 3.9 6.5 11.4 2.6 16.8L334.6 349c-3.9 5.3-11.4 6.5-16.8 2.6z\"><\/path><\/svg>\t\t\t\t<\/span>\n\t\t\t<\/div>\n\t\t\t\n\t\t\t\t\t\t<div class=\"elementor-icon-box-content\">\n\n\t\t\t\t\t\t\t\t\t<h3 class=\"elementor-icon-box-title\">\n\t\t\t\t\t\t<span  >\n\t\t\t\t\t\t\tDuraci\u00f3n:\t\t\t\t\t\t<\/span>\n\t\t\t\t\t<\/h3>\n\t\t\t\t\n\t\t\t\t\t\t\t\t\t<p class=\"elementor-icon-box-description\">\n\t\t\t\t\t\t5 a\u00f1os (10 semestres)\t\t\t\t\t<\/p>\n\t\t\t\t\n\t\t\t<\/div>\n\t\t\t\n\t\t<\/div>\n\t\t\t\t\t\t<\/div>\n\t\t\t\t<\/div>\n\t\t\t\t<\/div>\n\t\t<div class=\"elementor-element elementor-element-44aed53 e-con-full e-flex e-con e-child\" data-id=\"44aed53\" data-element_type=\"container\" data-e-type=\"container\">\n\t\t\t\t<div class=\"elementor-element elementor-element-6a4e414 elementor-view-default elementor-position-block-start elementor-mobile-position-block-start elementor-widget elementor-widget-icon-box\" data-id=\"6a4e414\" data-element_type=\"widget\" data-e-type=\"widget\" data-widget_type=\"icon-box.default\">\n\t\t\t\t<div class=\"elementor-widget-container\">\n\t\t\t\t\t\t\t<div class=\"elementor-icon-box-wrapper\">\n\n\t\t\t\t\t\t<div class=\"elementor-icon-box-icon\">\n\t\t\t\t<span  class=\"elementor-icon\">\n\t\t\t\t<svg aria-hidden=\"true\" class=\"e-font-icon-svg e-fas-user\" viewBox=\"0 0 448 512\" xmlns=\"http:\/\/www.w3.org\/2000\/svg\"><path d=\"M224 256c70.7 0 128-57.3 128-128S294.7 0 224 0 96 57.3 96 128s57.3 128 128 128zm89.6 32h-16.7c-22.2 10.2-46.9 16-72.9 16s-50.6-5.8-72.9-16h-16.7C60.2 288 0 348.2 0 422.4V464c0 26.5 21.5 48 48 48h352c26.5 0 48-21.5 48-48v-41.6c0-74.2-60.2-134.4-134.4-134.4z\"><\/path><\/svg>\t\t\t\t<\/span>\n\t\t\t<\/div>\n\t\t\t\n\t\t\t\t\t\t<div class=\"elementor-icon-box-content\">\n\n\t\t\t\t\t\t\t\t\t<h3 class=\"elementor-icon-box-title\">\n\t\t\t\t\t\t<span  >\n\t\t\t\t\t\t\tModalidad:\t\t\t\t\t\t<\/span>\n\t\t\t\t\t<\/h3>\n\t\t\t\t\n\t\t\t\t\t\t\t\t\t<p class=\"elementor-icon-box-description\">\n\t\t\t\t\t\tPresencial\t\t\t\t\t<\/p>\n\t\t\t\t\n\t\t\t<\/div>\n\t\t\t\n\t\t<\/div>\n\t\t\t\t\t\t<\/div>\n\t\t\t\t<\/div>\n\t\t\t\t<\/div>\n\t\t<div class=\"elementor-element elementor-element-544e9a3 e-con-full e-flex e-con e-child\" data-id=\"544e9a3\" data-element_type=\"container\" data-e-type=\"container\">\n\t\t\t\t<div class=\"elementor-element elementor-element-c70f848 elementor-view-default elementor-position-block-start elementor-mobile-position-block-start elementor-widget elementor-widget-icon-box\" data-id=\"c70f848\" data-element_type=\"widget\" data-e-type=\"widget\" data-widget_type=\"icon-box.default\">\n\t\t\t\t<div class=\"elementor-widget-container\">\n\t\t\t\t\t\t\t<div class=\"elementor-icon-box-wrapper\">\n\n\t\t\t\t\t\t<div class=\"elementor-icon-box-icon\">\n\t\t\t\t<span  class=\"elementor-icon\">\n\t\t\t\t<i aria-hidden=\"true\" class=\"icon icon-engineer\"><\/i>\t\t\t\t<\/span>\n\t\t\t<\/div>\n\t\t\t\n\t\t\t\t\t\t<div class=\"elementor-icon-box-content\">\n\n\t\t\t\t\t\t\t\t\t<h3 class=\"elementor-icon-box-title\">\n\t\t\t\t\t\t<span  >\n\t\t\t\t\t\t\tPr\u00e1cticas:\t\t\t\t\t\t<\/span>\n\t\t\t\t\t<\/h3>\n\t\t\t\t\n\t\t\t\t\t\t\t\t\t<p class=\"elementor-icon-box-description\">\n\t\t\t\t\t\tLaboratorios, trabajos de campo y proyectos integradores\t\t\t\t\t<\/p>\n\t\t\t\t\n\t\t\t<\/div>\n\t\t\t\n\t\t<\/div>\n\t\t\t\t\t\t<\/div>\n\t\t\t\t<\/div>\n\t\t\t\t<\/div>\n\t\t\t\t\t<\/div>\n\t\t\t\t<\/div>\n\t\t<div class=\"elementor-element elementor-element-3487c8c e-flex e-con-boxed e-con e-parent\" data-id=\"3487c8c\" data-element_type=\"container\" data-e-type=\"container\" data-settings=\"{&quot;background_background&quot;:&quot;classic&quot;}\">\n\t\t\t\t\t<div class=\"e-con-inner\">\n\t\t<div class=\"elementor-element elementor-element-c4983db e-con-full e-flex e-con e-child\" data-id=\"c4983db\" data-element_type=\"container\" data-e-type=\"container\">\n\t\t\t\t<div class=\"elementor-element elementor-element-5a08b95 elementor-align-center elementor-widget elementor-widget-button\" data-id=\"5a08b95\" data-element_type=\"widget\" data-e-type=\"widget\" data-widget_type=\"button.default\">\n\t\t\t\t<div class=\"elementor-widget-container\">\n\t\t\t\t\t\t\t\t\t<div class=\"elementor-button-wrapper\">\n\t\t\t\t\t<a class=\"elementor-button elementor-button-link elementor-size-sm\" href=\"https:\/\/petrolera.umsa.edu.bo\/index.php\/plan-de-estudios\/\">\n\t\t\t\t\t\t<span class=\"elementor-button-content-wrapper\">\n\t\t\t\t\t\t\t\t\t<span class=\"elementor-button-text\">Ver Plan de Estudios<\/span>\n\t\t\t\t\t<\/span>\n\t\t\t\t\t<\/a>\n\t\t\t\t<\/div>\n\t\t\t\t\t\t\t\t<\/div>\n\t\t\t\t<\/div>\n\t\t\t\t<div class=\"elementor-element elementor-element-4180f28 elementor-align-center elementor-widget elementor-widget-button\" data-id=\"4180f28\" data-element_type=\"widget\" data-e-type=\"widget\" data-widget_type=\"button.default\">\n\t\t\t\t<div class=\"elementor-widget-container\">\n\t\t\t\t\t\t\t\t\t<div class=\"elementor-button-wrapper\">\n\t\t\t\t\t<a class=\"elementor-button elementor-button-link elementor-size-sm\" href=\"https:\/\/petrolera.umsa.edu.bo\/index.php\/horarios\/\">\n\t\t\t\t\t\t<span class=\"elementor-button-content-wrapper\">\n\t\t\t\t\t\t\t\t\t<span class=\"elementor-button-text\">Ver Horarios<\/span>\n\t\t\t\t\t<\/span>\n\t\t\t\t\t<\/a>\n\t\t\t\t<\/div>\n\t\t\t\t\t\t\t\t<\/div>\n\t\t\t\t<\/div>\n\t\t\t\t<div class=\"elementor-element elementor-element-139729d elementor-align-center elementor-widget elementor-widget-button\" data-id=\"139729d\" data-element_type=\"widget\" data-e-type=\"widget\" data-widget_type=\"button.default\">\n\t\t\t\t<div class=\"elementor-widget-container\">\n\t\t\t\t\t\t\t\t\t<div class=\"elementor-button-wrapper\">\n\t\t\t\t\t<a class=\"elementor-button elementor-button-link elementor-size-sm\" href=\"https:\/\/petrolera.umsa.edu.bo\/index.php\/cursos-y-seminarios\/\">\n\t\t\t\t\t\t<span class=\"elementor-button-content-wrapper\">\n\t\t\t\t\t\t\t\t\t<span class=\"elementor-button-text\">Cursos y Seminarios<\/span>\n\t\t\t\t\t<\/span>\n\t\t\t\t\t<\/a>\n\t\t\t\t<\/div>\n\t\t\t\t\t\t\t\t<\/div>\n\t\t\t\t<\/div>\n\t\t\t\t<\/div>\n\t\t\t\t\t<\/div>\n\t\t\t\t<\/div>\n\t\t\t\t<\/div>\n\t\t","protected":false},"excerpt":{"rendered":"<p>INGENIERIA EN PETROLEO, GAS Y PROCESOS La carrera de Ingenier\u00eda en Petr\u00f3leo, Gas y Procesos forma profesionales capaces de gestionar, [&hellip;]<\/p>\n","protected":false},"author":4,"featured_media":0,"parent":0,"menu_order":0,"comment_status":"closed","ping_status":"closed","template":"","meta":{"site-sidebar-layout":"no-sidebar","site-content-layout":"","ast-site-content-layout":"full-width-container","site-content-style":"default","site-sidebar-style":"default","ast-global-header-display":"","ast-banner-title-visibility":"","ast-main-header-display":"","ast-hfb-above-header-display":"","ast-hfb-below-header-display":"","ast-hfb-mobile-header-display":"","site-post-title":"disabled","ast-breadcrumbs-content":"","ast-featured-img":"disabled","footer-sml-layout":"","ast-disable-related-posts":"","theme-transparent-header-meta":"","adv-header-id-meta":"","stick-header-meta":"","header-above-stick-meta":"","header-main-stick-meta":"","header-below-stick-meta":"","astra-migrate-meta-layouts":"default","ast-page-background-enabled":"default","ast-page-background-meta":{"desktop":{"background-color":"var(--ast-global-color-4)","background-image":"","background-repeat":"repeat","background-position":"center center","background-size":"auto","background-attachment":"scroll","background-type":"","background-media":"","overlay-type":"","overlay-color":"","overlay-opacity":"","overlay-gradient":""},"tablet":{"background-color":"","background-image":"","background-repeat":"repeat","background-position":"center center","background-size":"auto","background-attachment":"scroll","background-type":"","background-media":"","overlay-type":"","overlay-color":"","overlay-opacity":"","overlay-gradient":""},"mobile":{"background-color":"","background-image":"","background-repeat":"repeat","background-position":"center center","background-size":"auto","background-attachment":"scroll","background-type":"","background-media":"","overlay-type":"","overlay-color":"","overlay-opacity":"","overlay-gradient":""}},"ast-content-background-meta":{"desktop":{"background-color":"var(--ast-global-color-5)","background-image":"","background-repeat":"repeat","background-position":"center center","background-size":"auto","background-attachment":"scroll","background-type":"","background-media":"","overlay-type":"","overlay-color":"","overlay-opacity":"","overlay-gradient":""},"tablet":{"background-color":"var(--ast-global-color-5)","background-image":"","background-repeat":"repeat","background-position":"center center","background-size":"auto","background-attachment":"scroll","background-type":"","background-media":"","overlay-type":"","overlay-color":"","overlay-opacity":"","overlay-gradient":""},"mobile":{"background-color":"var(--ast-global-color-5)","background-image":"","background-repeat":"repeat","background-position":"center center","background-size":"auto","background-attachment":"scroll","background-type":"","background-media":"","overlay-type":"","overlay-color":"","overlay-opacity":"","overlay-gradient":""}},"footnotes":""},"class_list":["post-4340","page","type-page","status-publish","hentry"],"_links":{"self":[{"href":"https:\/\/petrolera.umsa.edu.bo\/index.php\/wp-json\/wp\/v2\/pages\/4340","targetHints":{"allow":["GET"]}}],"collection":[{"href":"https:\/\/petrolera.umsa.edu.bo\/index.php\/wp-json\/wp\/v2\/pages"}],"about":[{"href":"https:\/\/petrolera.umsa.edu.bo\/index.php\/wp-json\/wp\/v2\/types\/page"}],"author":[{"embeddable":true,"href":"https:\/\/petrolera.umsa.edu.bo\/index.php\/wp-json\/wp\/v2\/users\/4"}],"replies":[{"embeddable":true,"href":"https:\/\/petrolera.umsa.edu.bo\/index.php\/wp-json\/wp\/v2\/comments?post=4340"}],"version-history":[{"count":28,"href":"https:\/\/petrolera.umsa.edu.bo\/index.php\/wp-json\/wp\/v2\/pages\/4340\/revisions"}],"predecessor-version":[{"id":7192,"href":"https:\/\/petrolera.umsa.edu.bo\/index.php\/wp-json\/wp\/v2\/pages\/4340\/revisions\/7192"}],"wp:attachment":[{"href":"https:\/\/petrolera.umsa.edu.bo\/index.php\/wp-json\/wp\/v2\/media?parent=4340"}],"curies":[{"name":"wp","href":"https:\/\/api.w.org\/{rel}","templated":true}]}}