{"id":2372,"date":"2025-09-06T05:29:53","date_gmt":"2025-09-06T05:29:53","guid":{"rendered":"https:\/\/petrolera.umsa.edu.bo\/?page_id=2372"},"modified":"2026-03-23T00:01:35","modified_gmt":"2026-03-23T04:01:35","slug":"academicos","status":"publish","type":"page","link":"https:\/\/petrolera.umsa.edu.bo\/index.php\/academicos\/","title":{"rendered":"Acad\u00e9micos"},"content":{"rendered":"\t\t<div data-elementor-type=\"wp-page\" data-elementor-id=\"2372\" class=\"elementor elementor-2372\" data-elementor-post-type=\"page\">\n\t\t\t\t<div class=\"elementor-element elementor-element-895d97b e-flex e-con-boxed e-con e-parent\" data-id=\"895d97b\" data-element_type=\"container\" data-e-type=\"container\" data-settings=\"{&quot;background_background&quot;:&quot;slideshow&quot;,&quot;background_slideshow_gallery&quot;:[{&quot;id&quot;:6988,&quot;url&quot;:&quot;https:\\\/\\\/petrolera.umsa.edu.bo\\\/wp-content\\\/uploads\\\/2026\\\/02\\\/192-scaled.jpg&quot;}],&quot;background_slideshow_loop&quot;:&quot;yes&quot;,&quot;background_slideshow_slide_duration&quot;:5000,&quot;background_slideshow_slide_transition&quot;:&quot;fade&quot;,&quot;background_slideshow_transition_duration&quot;:500}\">\n\t\t\t\t\t<div class=\"e-con-inner\">\n\t\t\t\t<div class=\"elementor-element elementor-element-f4d7794 elementor-invisible elementor-widget elementor-widget-heading\" data-id=\"f4d7794\" data-element_type=\"widget\" data-e-type=\"widget\" data-settings=\"{&quot;_animation&quot;:&quot;fadeInUp&quot;}\" data-widget_type=\"heading.default\">\n\t\t\t\t<div class=\"elementor-widget-container\">\n\t\t\t\t\t<h2 class=\"elementor-heading-title elementor-size-default\">ACADEMICOS<\/h2>\t\t\t\t<\/div>\n\t\t\t\t<\/div>\n\t\t\t\t\t<\/div>\n\t\t\t\t<\/div>\n\t\t<div class=\"elementor-element elementor-element-4ab0479 e-flex e-con-boxed e-con e-parent\" data-id=\"4ab0479\" data-element_type=\"container\" data-e-type=\"container\" data-settings=\"{&quot;background_background&quot;:&quot;classic&quot;,&quot;animation&quot;:&quot;none&quot;}\">\n\t\t\t\t\t<div class=\"e-con-inner\">\n\t\t\t\t<div class=\"elementor-element elementor-element-4cc1c00 elementor-invisible elementor-widget elementor-widget-heading\" data-id=\"4cc1c00\" data-element_type=\"widget\" data-e-type=\"widget\" data-settings=\"{&quot;_animation&quot;:&quot;fadeInRight&quot;}\" data-widget_type=\"heading.default\">\n\t\t\t\t<div class=\"elementor-widget-container\">\n\t\t\t\t\t<h1 class=\"elementor-heading-title elementor-size-default\">Programas de Pregrado<\/h1>\t\t\t\t<\/div>\n\t\t\t\t<\/div>\n\t\t\t\t\t<\/div>\n\t\t\t\t<\/div>\n\t\t<div class=\"elementor-element elementor-element-248e50b e-flex e-con-boxed e-con e-parent\" data-id=\"248e50b\" data-element_type=\"container\" data-e-type=\"container\" data-settings=\"{&quot;background_background&quot;:&quot;classic&quot;,&quot;animation&quot;:&quot;none&quot;}\">\n\t\t\t\t\t<div class=\"e-con-inner\">\n\t\t<div class=\"elementor-element elementor-element-f1a4663 e-con-full e-flex e-con e-child\" data-id=\"f1a4663\" data-element_type=\"container\" data-e-type=\"container\">\n\t\t\t\t<div class=\"elementor-element elementor-element-39f9a9c elementor-invisible elementor-widget elementor-widget-text-editor\" data-id=\"39f9a9c\" data-element_type=\"widget\" data-e-type=\"widget\" data-settings=\"{&quot;_animation&quot;:&quot;fadeInRight&quot;}\" data-widget_type=\"text-editor.default\">\n\t\t\t\t<div class=\"elementor-widget-container\">\n\t\t\t\t\t\t\t\t\t<p>La carrera de\u00a0<strong>Ingenier\u00eda en Petr\u00f3leo, Gas y Procesos<\/strong>\u00a0forma profesionales capaces de gestionar, operar y optimizar sistemas relacionados con la exploraci\u00f3n, explotaci\u00f3n, transporte, procesamiento y transformaci\u00f3n de hidrocarburos y recursos energ\u00e9ticos.<\/p><p>Nuestro programa combina s\u00f3lidos fundamentos cient\u00edficos con formaci\u00f3n t\u00e9cnica aplicada, pr\u00e1ctica de laboratorio y una visi\u00f3n moderna del sector energ\u00e9tico, orientada a la eficiencia, sostenibilidad e innovaci\u00f3n tecnol\u00f3gica.<\/p>\t\t\t\t\t\t\t\t<\/div>\n\t\t\t\t<\/div>\n\t\t\t\t<div class=\"elementor-element elementor-element-876b8e2 elementor-align-center elementor-invisible elementor-widget elementor-widget-button\" data-id=\"876b8e2\" data-element_type=\"widget\" data-e-type=\"widget\" data-settings=\"{&quot;_animation&quot;:&quot;fadeInRight&quot;}\" data-widget_type=\"button.default\">\n\t\t\t\t<div class=\"elementor-widget-container\">\n\t\t\t\t\t\t\t\t\t<div class=\"elementor-button-wrapper\">\n\t\t\t\t\t<a class=\"elementor-button elementor-button-link elementor-size-sm\" href=\"https:\/\/petrolera.umsa.edu.bo\/index.php\/ingenieria-en-petroleo-gas-y-procesos\/\">\n\t\t\t\t\t\t<span class=\"elementor-button-content-wrapper\">\n\t\t\t\t\t\t\t\t\t<span class=\"elementor-button-text\">Ver m\u00e1s<\/span>\n\t\t\t\t\t<\/span>\n\t\t\t\t\t<\/a>\n\t\t\t\t<\/div>\n\t\t\t\t\t\t\t\t<\/div>\n\t\t\t\t<\/div>\n\t\t\t\t<\/div>\n\t\t<div class=\"elementor-element elementor-element-cc5ab43 e-con-full e-flex e-con e-child\" data-id=\"cc5ab43\" data-element_type=\"container\" data-e-type=\"container\">\n\t\t\t\t<div class=\"elementor-element elementor-element-638a74b elementor-invisible elementor-widget elementor-widget-image\" data-id=\"638a74b\" data-element_type=\"widget\" data-e-type=\"widget\" data-settings=\"{&quot;_animation&quot;:&quot;fadeInRight&quot;}\" data-widget_type=\"image.default\">\n\t\t\t\t<div class=\"elementor-widget-container\">\n\t\t\t\t\t\t\t\t\t\t\t\t\t\t\t<img fetchpriority=\"high\" decoding=\"async\" width=\"1024\" height=\"768\" src=\"https:\/\/petrolera.umsa.edu.bo\/wp-content\/uploads\/2024\/12\/IMG-20241202-WA0031-1024x768.jpg\" class=\"attachment-large size-large wp-image-85\" alt=\"\" srcset=\"https:\/\/petrolera.umsa.edu.bo\/wp-content\/uploads\/2024\/12\/IMG-20241202-WA0031-1024x768.jpg 1024w, https:\/\/petrolera.umsa.edu.bo\/wp-content\/uploads\/2024\/12\/IMG-20241202-WA0031-300x225.jpg 300w, https:\/\/petrolera.umsa.edu.bo\/wp-content\/uploads\/2024\/12\/IMG-20241202-WA0031-768x576.jpg 768w, https:\/\/petrolera.umsa.edu.bo\/wp-content\/uploads\/2024\/12\/IMG-20241202-WA0031.jpg 1500w\" sizes=\"(max-width: 1024px) 100vw, 1024px\" \/>\t\t\t\t\t\t\t\t\t\t\t\t\t\t\t<\/div>\n\t\t\t\t<\/div>\n\t\t\t\t<\/div>\n\t\t\t\t\t<\/div>\n\t\t\t\t<\/div>\n\t\t<div class=\"elementor-element elementor-element-2108a8e e-flex e-con-boxed e-con e-parent\" data-id=\"2108a8e\" data-element_type=\"container\" data-e-type=\"container\" data-settings=\"{&quot;background_background&quot;:&quot;classic&quot;}\">\n\t\t\t\t\t<div class=\"e-con-inner\">\n\t\t\t\t<div class=\"elementor-element elementor-element-4df4bdf elementor-widget elementor-widget-heading\" data-id=\"4df4bdf\" data-element_type=\"widget\" data-e-type=\"widget\" data-widget_type=\"heading.default\">\n\t\t\t\t<div class=\"elementor-widget-container\">\n\t\t\t\t\t<h1 class=\"elementor-heading-title elementor-size-default\">Calendario Acad\u00e9mico<\/h1>\t\t\t\t<\/div>\n\t\t\t\t<\/div>\n\t\t\t\t\t<\/div>\n\t\t\t\t<\/div>\n\t\t<div class=\"elementor-element elementor-element-0b9cebe e-flex e-con-boxed e-con e-parent\" data-id=\"0b9cebe\" data-element_type=\"container\" data-e-type=\"container\" data-settings=\"{&quot;background_background&quot;:&quot;classic&quot;}\">\n\t\t\t\t\t<div class=\"e-con-inner\">\n\t\t<div class=\"elementor-element elementor-element-2df32ec e-con-full e-flex e-con e-child\" data-id=\"2df32ec\" data-element_type=\"container\" data-e-type=\"container\">\n\t\t\t\t<div class=\"elementor-element elementor-element-d76637a elementor-widget elementor-widget-text-editor\" data-id=\"d76637a\" data-element_type=\"widget\" data-e-type=\"widget\" data-widget_type=\"text-editor.default\">\n\t\t\t\t<div class=\"elementor-widget-container\">\n\t\t\t\t\t\t\t\t\t<p class=\"ds-markdown-paragraph\">Calendario Acad\u00e9mico correspondiente a la gesti\u00f3n 2026, documento que establece las fechas y plazos fundamentales para el desarrollo normal de las actividades acad\u00e9micas durante el a\u00f1o.<\/p><p class=\"ds-markdown-paragraph\">Se invita a toda la comunidad universitaria a tomar conocimiento del presente calendario y cumplir con las fechas establecidas, como parte del compromiso con la excelencia acad\u00e9mica que caracteriza a nuestra carrera.<\/p>\t\t\t\t\t\t\t\t<\/div>\n\t\t\t\t<\/div>\n\t\t\t\t<\/div>\n\t\t<div class=\"elementor-element elementor-element-04b03b3 e-con-full e-flex e-con e-child\" data-id=\"04b03b3\" data-element_type=\"container\" data-e-type=\"container\">\n\t\t<div class=\"elementor-element elementor-element-76393a3 e-con-full e-flex e-con e-child\" data-id=\"76393a3\" data-element_type=\"container\" data-e-type=\"container\">\n\t\t\t\t<div class=\"elementor-element elementor-element-96f718f elementor-widget elementor-widget-text-editor\" data-id=\"96f718f\" data-element_type=\"widget\" data-e-type=\"widget\" data-widget_type=\"text-editor.default\">\n\t\t\t\t<div class=\"elementor-widget-container\">\n\t\t\t\t\t\t\t\t\t<p>Este calendario ha sido aprobado mediante Resoluci\u00f3n del Honorable Consejo Universitario, se solicita dar cumplimiento a las fechas de inicio y concluci\u00f3n de las actividades de los docentes extraordinarios.<\/p>\t\t\t\t\t\t\t\t<\/div>\n\t\t\t\t<\/div>\n\t\t\t\t<\/div>\n\t\t<div class=\"elementor-element elementor-element-dd01cb2 e-con-full e-flex e-con e-child\" data-id=\"dd01cb2\" data-element_type=\"container\" data-e-type=\"container\">\n\t\t\t\t<div class=\"elementor-element elementor-element-8be990e elementor-widget elementor-widget-html\" data-id=\"8be990e\" data-element_type=\"widget\" data-e-type=\"widget\" data-widget_type=\"html.default\">\n\t\t\t\t<div class=\"elementor-widget-container\">\n\t\t\t\t\t<!DOCTYPE html>\r\n<html lang=\"es\">\r\n<head>\r\n    <meta charset=\"UTF-8\">\r\n    <meta name=\"viewport\" content=\"width=device-width, initial-scale=1.0\">\r\n    <title>Tabla desde Google Sheets<\/title>\r\n    <style>\r\n        \/* \u2705 Todos los estilos est\u00e1n prefijados con #gs-widget\r\n           para que NO afecten ning\u00fan otro elemento de la p\u00e1gina *\/\r\n\r\n        #gs-widget {\r\n            all: initial; \/* Resetea herencia del padre *\/\r\n            display: block;\r\n            font-family: Arial, sans-serif;\r\n            background-color: #ffffff;\r\n            width: 100%;\r\n            box-sizing: border-box;\r\n        }\r\n\r\n        #gs-widget *,\r\n        #gs-widget *::before,\r\n        #gs-widget *::after {\r\n            box-sizing: border-box;\r\n            margin: 0;\r\n            padding: 0;\r\n        }\r\n\r\n        #gs-widget .gs-container {\r\n            width: 100%;\r\n            padding: 0;\r\n        }\r\n\r\n        #gs-widget .gs-tabla {\r\n            width: 100%;\r\n            border-collapse: collapse;\r\n            background-color: white;\r\n        }\r\n\r\n        #gs-widget .gs-tabla th {\r\n            background-color: #f2f2f2;\r\n            padding: 12px;\r\n            text-align: left;\r\n            border-bottom: 2px solid #ddd;\r\n            font-weight: bold;\r\n            font-family: Arial, sans-serif;\r\n            font-size: 14px;\r\n        }\r\n\r\n        #gs-widget .gs-tabla td {\r\n            padding: 10px;\r\n            border-bottom: 1px solid #eee;\r\n            font-family: Arial, sans-serif;\r\n            font-size: 14px;\r\n        }\r\n\r\n        #gs-widget .gs-tabla tr:hover {\r\n            background-color: #f9f9f9;\r\n        }\r\n\r\n        #gs-widget .gs-loading {\r\n            text-align: center;\r\n            padding: 20px;\r\n            font-size: 14px;\r\n            color: #666;\r\n            font-family: Arial, sans-serif;\r\n        }\r\n\r\n        #gs-widget .gs-error {\r\n            color: red;\r\n        }\r\n    <\/style>\r\n<\/head>\r\n<body>\r\n\r\n    <!-- \r\n        \u2705 INSTRUCCIONES DE USO:\r\n        Copia solo el bloque <div id=\"gs-widget\"> y el <script> al final\r\n        y p\u00e9galos donde quieras dentro de tu p\u00e1gina. Los estilos van\r\n        en el <head> con el prefijo #gs-widget para no afectar nada m\u00e1s.\r\n    -->\r\n\r\n    <div id=\"gs-widget\">\r\n        <div class=\"gs-container\">\r\n            <div id=\"gs-loading\" class=\"gs-loading\">Cargando datos...<\/div>\r\n            <div id=\"gs-tabla-container\"><\/div>\r\n        <\/div>\r\n    <\/div>\r\n\r\n    <script>\r\n        (function () {\r\n            \/\/ \u2705 Todo el JS est\u00e1 dentro de una funci\u00f3n autoejecutable (IIFE)\r\n            \/\/    para no contaminar el scope global de la p\u00e1gina\r\n\r\n            const CSV_URL = 'https:\/\/docs.google.com\/spreadsheets\/d\/e\/2PACX-1vRo37wqMrXfGRtComv0aWlcfIZnEzswnhYwiu4FDGtC6h1RbFcuYwJqygFIE35LUzvH_MtxwE1g0bCN\/pub?gid=0&single=true&output=csv';\r\n\r\n            async function cargarTabla() {\r\n                const loadingEl = document.getElementById('gs-loading');\r\n                const containerEl = document.getElementById('gs-tabla-container');\r\n\r\n                try {\r\n                    loadingEl.style.display = 'block';\r\n\r\n                    const response = await fetch(CSV_URL);\r\n                    const csvData = await response.text();\r\n\r\n                    const filas = csvData.split('\\n').map(fila =>\r\n                        fila.split(',').map(celda =>\r\n                            celda.replace(\/^\"|\"$\/g, '').trim()\r\n                        )\r\n                    );\r\n\r\n                    let tablaHTML = '<table class=\"gs-tabla\">';\r\n\r\n                    filas.forEach((fila, index) => {\r\n                        tablaHTML += '<tr>';\r\n                        fila.forEach(celda => {\r\n                            if (index === 0) {\r\n                                tablaHTML += `<th>${celda || '&nbsp;'}<\/th>`;\r\n                            } else {\r\n                                tablaHTML += `<td>${celda || '&nbsp;'}<\/td>`;\r\n                            }\r\n                        });\r\n                        tablaHTML += '<\/tr>';\r\n                    });\r\n\r\n                    tablaHTML += '<\/table>';\r\n\r\n                    containerEl.innerHTML = tablaHTML;\r\n                    loadingEl.style.display = 'none';\r\n\r\n                } catch (error) {\r\n                    console.error('Error al cargar la tabla:', error);\r\n                    loadingEl.innerHTML = 'Error al cargar los datos';\r\n                    loadingEl.classList.add('gs-error');\r\n                }\r\n            }\r\n\r\n            \/\/ \u2705 Carga cuando el DOM est\u00e9 listo, sin interferir con\r\n            \/\/    otros DOMContentLoaded de la p\u00e1gina\r\n            if (document.readyState === 'loading') {\r\n                document.addEventListener('DOMContentLoaded', cargarTabla);\r\n            } else {\r\n                cargarTabla();\r\n            }\r\n\r\n        })(); \/\/ Fin del IIFE\r\n    <\/script>\r\n\r\n<\/body>\r\n<\/html>\t\t\t\t<\/div>\n\t\t\t\t<\/div>\n\t\t\t\t<\/div>\n\t\t\t\t<\/div>\n\t\t\t\t\t<\/div>\n\t\t\t\t<\/div>\n\t\t<div class=\"elementor-element elementor-element-c561f42 e-flex e-con-boxed e-con e-parent\" data-id=\"c561f42\" data-element_type=\"container\" data-e-type=\"container\" data-settings=\"{&quot;background_background&quot;:&quot;classic&quot;,&quot;animation&quot;:&quot;none&quot;}\">\n\t\t\t\t\t<div class=\"e-con-inner\">\n\t\t\t\t<div class=\"elementor-element elementor-element-6351f61 elementor-invisible elementor-widget elementor-widget-heading\" data-id=\"6351f61\" data-element_type=\"widget\" data-e-type=\"widget\" data-settings=\"{&quot;_animation&quot;:&quot;fadeInLeft&quot;}\" data-widget_type=\"heading.default\">\n\t\t\t\t<div class=\"elementor-widget-container\">\n\t\t\t\t\t<h2 class=\"elementor-heading-title elementor-size-default\">PROGRAMAS DE POSGRADO<\/h2>\t\t\t\t<\/div>\n\t\t\t\t<\/div>\n\t\t\t\t\t<\/div>\n\t\t\t\t<\/div>\n\t\t<div class=\"elementor-element elementor-element-6008009 e-flex e-con-boxed e-con e-parent\" data-id=\"6008009\" data-element_type=\"container\" data-e-type=\"container\" data-settings=\"{&quot;background_background&quot;:&quot;classic&quot;,&quot;animation&quot;:&quot;none&quot;}\">\n\t\t\t\t\t<div class=\"e-con-inner\">\n\t\t<div class=\"elementor-element elementor-element-8632bbd e-con-full e-flex e-con e-child\" data-id=\"8632bbd\" data-element_type=\"container\" data-e-type=\"container\">\n\t\t\t\t<div class=\"elementor-element elementor-element-abe9129 elementor-invisible elementor-widget elementor-widget-text-editor\" data-id=\"abe9129\" data-element_type=\"widget\" data-e-type=\"widget\" data-settings=\"{&quot;_animation&quot;:&quot;fadeInLeft&quot;}\" data-widget_type=\"text-editor.default\">\n\t\t\t\t<div class=\"elementor-widget-container\">\n\t\t\t\t\t\t\t\t\t<p>El programa de Maestr\u00eda en Ingenier\u00eda de la Energ\u00eda y el desarrollo pretende fomentar entre los cursantes una mentalidad sensible y rigurosamente fundamentada sobre el concepto general de energ\u00eda y sociedad, y su interrelaci\u00f3n para alcanzar la sostenibilidad, desarrollando competencias en las \u00e1reas de energ\u00edas alternativas, gesti\u00f3n energ\u00e9tica, cambio clim\u00e1tico, sociedad y desarrollo.<\/p><p>Al finalizar con \u00e9xito el programa el cursante podr\u00e1 acceder a nuevos y diferentes campos profesionales, como el desarrollo tecnol\u00f3gico de energ\u00edas alternativas, la gesti\u00f3n, planificaci\u00f3n y certificaci\u00f3n de la sostenibilidad energ\u00e9tica, o el an\u00e1lisis de los impactos socioecon\u00f3micos y medioambientales de la energ\u00eda, con la posibilidad de la integraci\u00f3n de otras energ\u00edas de cara a garantizar la sostenibilidad en el uso de la energ\u00eda.<\/p>\t\t\t\t\t\t\t\t<\/div>\n\t\t\t\t<\/div>\n\t\t\t\t<div class=\"elementor-element elementor-element-a451291 elementor-align-center elementor-invisible elementor-widget elementor-widget-button\" data-id=\"a451291\" data-element_type=\"widget\" data-e-type=\"widget\" data-settings=\"{&quot;_animation&quot;:&quot;fadeInLeft&quot;}\" data-widget_type=\"button.default\">\n\t\t\t\t<div class=\"elementor-widget-container\">\n\t\t\t\t\t\t\t\t\t<div class=\"elementor-button-wrapper\">\n\t\t\t\t\t<a class=\"elementor-button elementor-button-link elementor-size-sm\" href=\"https:\/\/petrolera.umsa.edu.bo\/index.php\/maestria-en-ingenieria-de-energia-y-desarrollo-sostenible\/\">\n\t\t\t\t\t\t<span class=\"elementor-button-content-wrapper\">\n\t\t\t\t\t\t\t\t\t<span class=\"elementor-button-text\">VER M\u00c1S<\/span>\n\t\t\t\t\t<\/span>\n\t\t\t\t\t<\/a>\n\t\t\t\t<\/div>\n\t\t\t\t\t\t\t\t<\/div>\n\t\t\t\t<\/div>\n\t\t\t\t<\/div>\n\t\t<div class=\"elementor-element elementor-element-28060a4 e-con-full e-flex e-con e-child\" data-id=\"28060a4\" data-element_type=\"container\" data-e-type=\"container\">\n\t\t\t\t<div class=\"elementor-element elementor-element-7f791be elementor-invisible elementor-widget elementor-widget-image\" data-id=\"7f791be\" data-element_type=\"widget\" data-e-type=\"widget\" data-settings=\"{&quot;_animation&quot;:&quot;fadeInLeft&quot;}\" data-widget_type=\"image.default\">\n\t\t\t\t<div class=\"elementor-widget-container\">\n\t\t\t\t\t\t\t\t\t\t\t\t\t\t\t<img decoding=\"async\" width=\"2560\" height=\"1920\" src=\"https:\/\/petrolera.umsa.edu.bo\/wp-content\/uploads\/2026\/02\/205-scaled.jpg\" class=\"attachment-full size-full wp-image-6992\" alt=\"\" srcset=\"https:\/\/petrolera.umsa.edu.bo\/wp-content\/uploads\/2026\/02\/205-scaled.jpg 2560w, https:\/\/petrolera.umsa.edu.bo\/wp-content\/uploads\/2026\/02\/205-300x225.jpg 300w, https:\/\/petrolera.umsa.edu.bo\/wp-content\/uploads\/2026\/02\/205-1024x768.jpg 1024w, https:\/\/petrolera.umsa.edu.bo\/wp-content\/uploads\/2026\/02\/205-768x576.jpg 768w, https:\/\/petrolera.umsa.edu.bo\/wp-content\/uploads\/2026\/02\/205-1536x1152.jpg 1536w, https:\/\/petrolera.umsa.edu.bo\/wp-content\/uploads\/2026\/02\/205-2048x1536.jpg 2048w\" sizes=\"(max-width: 2560px) 100vw, 2560px\" \/>\t\t\t\t\t\t\t\t\t\t\t\t\t\t\t<\/div>\n\t\t\t\t<\/div>\n\t\t\t\t<\/div>\n\t\t\t\t\t<\/div>\n\t\t\t\t<\/div>\n\t\t\t\t<\/div>\n\t\t","protected":false},"excerpt":{"rendered":"<p>ACADEMICOS Programas de Pregrado La carrera de\u00a0Ingenier\u00eda en Petr\u00f3leo, Gas y Procesos\u00a0forma profesionales capaces de gestionar, operar y optimizar sistemas [&hellip;]<\/p>\n","protected":false},"author":4,"featured_media":0,"parent":0,"menu_order":0,"comment_status":"closed","ping_status":"closed","template":"","meta":{"site-sidebar-layout":"no-sidebar","site-content-layout":"","ast-site-content-layout":"full-width-container","site-content-style":"default","site-sidebar-style":"default","ast-global-header-display":"","ast-banner-title-visibility":"","ast-main-header-display":"","ast-hfb-above-header-display":"","ast-hfb-below-header-display":"","ast-hfb-mobile-header-display":"","site-post-title":"disabled","ast-breadcrumbs-content":"","ast-featured-img":"disabled","footer-sml-layout":"","ast-disable-related-posts":"","theme-transparent-header-meta":"","adv-header-id-meta":"","stick-header-meta":"","header-above-stick-meta":"","header-main-stick-meta":"","header-below-stick-meta":"","astra-migrate-meta-layouts":"default","ast-page-background-enabled":"default","ast-page-background-meta":{"desktop":{"background-color":"var(--ast-global-color-4)","background-image":"","background-repeat":"repeat","background-position":"center center","background-size":"auto","background-attachment":"scroll","background-type":"","background-media":"","overlay-type":"","overlay-color":"","overlay-opacity":"","overlay-gradient":""},"tablet":{"background-color":"","background-image":"","background-repeat":"repeat","background-position":"center center","background-size":"auto","background-attachment":"scroll","background-type":"","background-media":"","overlay-type":"","overlay-color":"","overlay-opacity":"","overlay-gradient":""},"mobile":{"background-color":"","background-image":"","background-repeat":"repeat","background-position":"center center","background-size":"auto","background-attachment":"scroll","background-type":"","background-media":"","overlay-type":"","overlay-color":"","overlay-opacity":"","overlay-gradient":""}},"ast-content-background-meta":{"desktop":{"background-color":"var(--ast-global-color-5)","background-image":"","background-repeat":"repeat","background-position":"center center","background-size":"auto","background-attachment":"scroll","background-type":"","background-media":"","overlay-type":"","overlay-color":"","overlay-opacity":"","overlay-gradient":""},"tablet":{"background-color":"var(--ast-global-color-5)","background-image":"","background-repeat":"repeat","background-position":"center center","background-size":"auto","background-attachment":"scroll","background-type":"","background-media":"","overlay-type":"","overlay-color":"","overlay-opacity":"","overlay-gradient":""},"mobile":{"background-color":"var(--ast-global-color-5)","background-image":"","background-repeat":"repeat","background-position":"center center","background-size":"auto","background-attachment":"scroll","background-type":"","background-media":"","overlay-type":"","overlay-color":"","overlay-opacity":"","overlay-gradient":""}},"footnotes":""},"class_list":["post-2372","page","type-page","status-publish","hentry"],"_links":{"self":[{"href":"https:\/\/petrolera.umsa.edu.bo\/index.php\/wp-json\/wp\/v2\/pages\/2372","targetHints":{"allow":["GET"]}}],"collection":[{"href":"https:\/\/petrolera.umsa.edu.bo\/index.php\/wp-json\/wp\/v2\/pages"}],"about":[{"href":"https:\/\/petrolera.umsa.edu.bo\/index.php\/wp-json\/wp\/v2\/types\/page"}],"author":[{"embeddable":true,"href":"https:\/\/petrolera.umsa.edu.bo\/index.php\/wp-json\/wp\/v2\/users\/4"}],"replies":[{"embeddable":true,"href":"https:\/\/petrolera.umsa.edu.bo\/index.php\/wp-json\/wp\/v2\/comments?post=2372"}],"version-history":[{"count":108,"href":"https:\/\/petrolera.umsa.edu.bo\/index.php\/wp-json\/wp\/v2\/pages\/2372\/revisions"}],"predecessor-version":[{"id":10215,"href":"https:\/\/petrolera.umsa.edu.bo\/index.php\/wp-json\/wp\/v2\/pages\/2372\/revisions\/10215"}],"wp:attachment":[{"href":"https:\/\/petrolera.umsa.edu.bo\/index.php\/wp-json\/wp\/v2\/media?parent=2372"}],"curies":[{"name":"wp","href":"https:\/\/api.w.org\/{rel}","templated":true}]}}